{"id":3821,"date":"2023-06-28T17:12:04","date_gmt":"2023-06-28T21:12:04","guid":{"rendered":"https:\/\/accountit.com\/servicios-contables-y-fiscales\/servicios-contables\/paquete-de-servicios-contables\/"},"modified":"2025-07-28T19:22:48","modified_gmt":"2025-07-28T23:22:48","slug":"paquete-de-servicios-contables","status":"publish","type":"page","link":"https:\/\/accountit.com\/es\/servicios-contables-y-fiscales\/servicios-contables\/paquete-de-servicios-contables\/","title":{"rendered":"Paquete de Servicios Contables"},"content":{"rendered":"<p><div class=\"fusion-fullwidth fullwidth-box fusion-builder-row-1 fusion-flex-container has-pattern-background has-mask-background nonhundred-percent-fullwidth non-hundred-percent-height-scrolling\" style=\"--awb-border-radius-top-left:0px;--awb-border-radius-top-right:0px;--awb-border-radius-bottom-right:0px;--awb-border-radius-bottom-left:0px;--awb-flex-wrap:wrap;\" ><div class=\"fusion-builder-row fusion-row fusion-flex-align-items-flex-start fusion-flex-content-wrap\" style=\"max-width:1248px;margin-left: calc(-4% \/ 2 );margin-right: calc(-4% \/ 2 );\"><div class=\"fusion-layout-column fusion_builder_column fusion-builder-column-0 fusion_builder_column_1_1 1_1 fusion-flex-column\" style=\"--awb-bg-size:cover;--awb-width-large:100%;--awb-margin-top-large:20px;--awb-spacing-right-large:1.92%;--awb-margin-bottom-large:20px;--awb-spacing-left-large:1.92%;--awb-width-medium:100%;--awb-order-medium:0;--awb-spacing-right-medium:1.92%;--awb-spacing-left-medium:1.92%;--awb-width-small:100%;--awb-order-small:0;--awb-spacing-right-small:1.92%;--awb-spacing-left-small:1.92%;\"><div class=\"fusion-column-wrapper fusion-column-has-shadow fusion-flex-justify-content-flex-start fusion-content-layout-column\"><div class=\"fusion-text fusion-text-1\"><p><strong>Eleva tu negocio con nuestro completo paquete de servicios de contabilidad<\/strong><\/p>\n<p>En <a href=\"https:\/\/accountit.com\/es\/\">Accountit, CPA<\/a>, Weston, Florida creemos en la potenciaci\u00f3n de tu negocio a trav\u00e9s de una contabilidad meticulosa y estrat\u00e9gica. Nuestro Paquete de Servicios Contables est\u00e1 dise\u00f1ado para gestionar todas tus necesidades financieras, permiti\u00e9ndote centrarte en lo que mejor sabes hacer: dirigir tu negocio. <\/p>\n<p><strong>\u00bfPor qu\u00e9 nuestro paquete de servicios de contabilidad?<\/strong><\/p>\n<ul>\n<li><strong>Gesti\u00f3n financiera integral:<\/strong> Desde la contabilidad diaria hasta los complejos informes financieros, nuestro equipo se encarga de todo con precisi\u00f3n.<\/li>\n<li><strong>Estrategias proactivas:<\/strong> No nos limitamos a gestionar tus cuentas; elaboramos estrategias para tu crecimiento. Nuestro enfoque proactivo te ayuda a planificar el futuro, minimizar los riesgos y maximizar los beneficios. <\/li>\n<li><strong>Colaboraci\u00f3n transparente:<\/strong> Con Accountit, CPA, no s\u00f3lo contratas a un contable, sino a un socio. Te mantenemos informado e implicado en cada paso. <\/li>\n<\/ul>\n<p>\u00bfListo para racionalizar tus operaciones financieras e impulsar el rendimiento de tu negocio? Ven a tomar un caf\u00e9 con nosotros a Graziano&#8217;s, Weston, Florida, hoy mismo, y deja que Accountit, CPA gu\u00ede tu viaje financiero hacia el \u00e9xito sostenido.<\/p>\n<\/div><\/div><\/div><div class=\"fusion-layout-column fusion_builder_column fusion-builder-column-1 fusion_builder_column_1_1 1_1 fusion-flex-column\" style=\"--awb-bg-size:cover;--awb-width-large:100%;--awb-margin-top-large:20px;--awb-spacing-right-large:1.92%;--awb-margin-bottom-large:20px;--awb-spacing-left-large:1.92%;--awb-width-medium:100%;--awb-order-medium:0;--awb-spacing-right-medium:1.92%;--awb-spacing-left-medium:1.92%;--awb-width-small:100%;--awb-order-small:0;--awb-spacing-right-small:1.92%;--awb-spacing-left-small:1.92%;\"><div class=\"fusion-column-wrapper fusion-column-has-shadow fusion-flex-justify-content-flex-start fusion-content-layout-column\">\n<div class=\"table-1 table-style\">\n<table style=\"font-family: Manrope, Arial, Helvetica, sans-serif;\" width=\"100%\">\n<thead>\n<tr>\n<th style=\"width: 500px; font-weight: bold; background-color: #023a51; color: #ffffff;\" align=\"left\">Lista de control del servicio de contabilidad<\/th>\n<th style=\"font-weight: bold; background-color: #023a51; color: #ffffff;\" align=\"left\">N\u00facleo<\/th>\n<th style=\"font-weight: bold; background-color: #023a51; color: #ffffff;\" align=\"left\">Est\u00e1ndar<\/th>\n<th style=\"font-weight: bold; background-color: #023a51; color: #ffffff;\" align=\"left\">Esencial<\/th>\n<\/tr>\n<\/thead>\n<tbody>\n<tr>\n<td align=\"left\">Contabilidad<\/td>\n<td align=\"left\">Anualmente<\/td>\n<td align=\"left\">Trimestralmente<\/td>\n<td align=\"left\">Mensualmente<\/td>\n<\/tr>\n<tr>\n<td align=\"left\">Estados financieros (balance, cuenta de resultados y estado de tesorer\u00eda)<\/td>\n<td align=\"left\">Anualmente<\/td>\n<td align=\"left\">Trimestralmente<\/td>\n<td align=\"left\">Mensualmente<\/td>\n<\/tr>\n<tr>\n<td align=\"left\">Formaci\u00f3n e instalaci\u00f3n de la aplicaci\u00f3n financiera<\/td>\n<td align=\"left\"><\/td>\n<td align=\"left\"><\/td>\n<td align=\"left\">S\u00ed<\/td>\n<\/tr>\n<tr>\n<td align=\"left\"><a href=\"https:\/\/www.investopedia.com\/terms\/a\/accrualaccounting.asp\">Contabilidad de ejercicio<\/a><\/td>\n<td align=\"left\"><\/td>\n<td align=\"left\">S\u00ed<\/td>\n<td align=\"left\">S\u00ed<\/td>\n<\/tr>\n<tr>\n<td align=\"left\">Preparar y presentar <a href=\"https:\/\/www.irs.gov\/forms-pubs\/about-form-1099-s\">los 1099<\/a> anuales<\/td>\n<td align=\"left\"><\/td>\n<td align=\"left\">S\u00ed<\/td>\n<td align=\"left\">S\u00ed<\/td>\n<\/tr>\n<tr>\n<td align=\"left\">Pagar facturas de proveedores<\/td>\n<td align=\"left\"><\/td>\n<td align=\"left\"><\/td>\n<td align=\"left\">S\u00ed<\/td>\n<\/tr>\n<tr>\n<td align=\"left\">Elaboraci\u00f3n y revisi\u00f3n del presupuesto<\/td>\n<td align=\"left\"><\/td>\n<td align=\"left\"><\/td>\n<td align=\"left\">S\u00ed<\/td>\n<\/tr>\n<tr>\n<td align=\"left\">Gesti\u00f3n de n\u00f3minas<\/td>\n<td align=\"left\"><\/td>\n<td align=\"left\"><\/td>\n<td align=\"left\">S\u00ed<\/td>\n<\/tr>\n<tr>\n<td align=\"left\">Sesiones de coaching financiero y empresarial<\/td>\n<td align=\"left\"><\/td>\n<td align=\"left\">Semestral\/Anual<\/td>\n<td align=\"left\">Semestral\/Anual<\/td>\n<\/tr>\n<tr>\n<td align=\"left\">Reuniones de control financiero mediante zoom<\/td>\n<td align=\"left\">Anualmente<\/td>\n<td align=\"left\">Trimestralmente<\/td>\n<td align=\"left\">Mensualmente<\/td>\n<\/tr>\n<tr>\n<td align=\"left\">Previsi\u00f3n y an\u00e1lisis de tesorer\u00eda<\/td>\n<td align=\"left\"><\/td>\n<td align=\"left\"><\/td>\n<td align=\"left\">Anualmente<\/td>\n<\/tr>\n<tr>\n<td align=\"left\"><a href=\"https:\/\/quickbooks.intuit.com\/\">QuickBooks<\/a> en l\u00ednea<\/td>\n<td align=\"left\">S\u00ed<\/td>\n<td align=\"left\">S\u00ed<\/td>\n<td align=\"left\">S\u00ed<\/td>\n<\/tr>\n<\/tbody>\n<\/table>\n<\/div>\n<\/div><\/div><\/div><\/div><div class=\"fusion-fullwidth fullwidth-box fusion-builder-row-2 fusion-flex-container has-pattern-background has-mask-background nonhundred-percent-fullwidth non-hundred-percent-height-scrolling\" style=\"--awb-border-radius-top-left:0px;--awb-border-radius-top-right:0px;--awb-border-radius-bottom-right:0px;--awb-border-radius-bottom-left:0px;--awb-flex-wrap:wrap;\" ><div class=\"fusion-builder-row fusion-row fusion-flex-align-items-flex-start fusion-flex-content-wrap\" style=\"max-width:1248px;margin-left: calc(-4% \/ 2 );margin-right: calc(-4% \/ 2 );\"><\/div><\/div><\/p>\n","protected":false},"excerpt":{"rendered":"","protected":false},"author":2,"featured_media":0,"parent":3685,"menu_order":0,"comment_status":"closed","ping_status":"closed","template":"100-width.php","meta":{"_monsterinsights_skip_tracking":false,"_monsterinsights_sitenote_active":false,"_monsterinsights_sitenote_note":"","_monsterinsights_sitenote_category":0,"_uf_show_specific_survey":0,"_uf_disable_surveys":false,"footnotes":""},"class_list":["post-3821","page","type-page","status-publish","hentry"],"yoast_head":"<!-- This site is optimized with the Yoast SEO Premium plugin v24.3 (Yoast SEO v26.8) - https:\/\/yoast.com\/product\/yoast-seo-premium-wordpress\/ -->\n<title>Paquete de Servicios Contables - Trusted CPA in Weston<\/title>\n<meta name=\"description\" content=\"Consigue un paquete completo de servicios contables de un CPA de confianza en Miami, Ft. Lauderdale y Palm Beach. \u00a1Agiliza tus finanzas para alcanzar el \u00e9xito!\" \/>\n<meta name=\"robots\" content=\"index, follow, max-snippet:-1, max-image-preview:large, max-video-preview:-1\" \/>\n<link rel=\"canonical\" href=\"https:\/\/accountit.com\/es\/servicios-contables-y-fiscales\/servicios-contables\/paquete-de-servicios-contables\/\" \/>\n<meta property=\"og:locale\" content=\"es_ES\" \/>\n<meta property=\"og:type\" content=\"article\" \/>\n<meta property=\"og:title\" content=\"Paquete de Servicios Contables\" \/>\n<meta property=\"og:description\" content=\"Consigue un paquete completo de servicios contables de un CPA de confianza en Miami, Ft. Lauderdale y Palm Beach. \u00a1Agiliza tus finanzas para alcanzar el \u00e9xito!\" \/>\n<meta property=\"og:url\" content=\"https:\/\/accountit.com\/es\/servicios-contables-y-fiscales\/servicios-contables\/paquete-de-servicios-contables\/\" \/>\n<meta property=\"og:site_name\" content=\"Trusted CPA in Weston\" \/>\n<meta property=\"article:publisher\" content=\"https:\/\/www.facebook.com\/accountitcpa\" \/>\n<meta property=\"article:modified_time\" content=\"2025-07-28T23:22:48+00:00\" \/>\n<meta property=\"og:image\" content=\"https:\/\/accountit.com\/wp-content\/uploads\/2023\/07\/cropped-cropped-favicon-01.png\" \/>\n\t<meta property=\"og:image:width\" content=\"512\" \/>\n\t<meta property=\"og:image:height\" content=\"512\" \/>\n\t<meta property=\"og:image:type\" content=\"image\/png\" \/>\n<meta name=\"twitter:card\" content=\"summary_large_image\" \/>\n<meta name=\"twitter:site\" content=\"@acctitcpa\" \/>\n<meta name=\"twitter:label1\" content=\"Tiempo de lectura\" \/>\n\t<meta name=\"twitter:data1\" content=\"7 minutos\" \/>\n<script type=\"application\/ld+json\" class=\"yoast-schema-graph\">{\"@context\":\"https:\/\/schema.org\",\"@graph\":[{\"@type\":\"WebPage\",\"@id\":\"https:\/\/accountit.com\/es\/servicios-contables-y-fiscales\/servicios-contables\/paquete-de-servicios-contables\/\",\"url\":\"https:\/\/accountit.com\/es\/servicios-contables-y-fiscales\/servicios-contables\/paquete-de-servicios-contables\/\",\"name\":\"Paquete de Servicios Contables - Trusted CPA in Weston\",\"isPartOf\":{\"@id\":\"https:\/\/accountit.com\/es\/#website\"},\"datePublished\":\"2023-06-28T21:12:04+00:00\",\"dateModified\":\"2025-07-28T23:22:48+00:00\",\"description\":\"Consigue un paquete completo de servicios contables de un CPA de confianza en Miami, Ft. Lauderdale y Palm Beach. \u00a1Agiliza tus finanzas para alcanzar el \u00e9xito!\",\"breadcrumb\":{\"@id\":\"https:\/\/accountit.com\/es\/servicios-contables-y-fiscales\/servicios-contables\/paquete-de-servicios-contables\/#breadcrumb\"},\"inLanguage\":\"es\",\"potentialAction\":[{\"@type\":\"ReadAction\",\"target\":[\"https:\/\/accountit.com\/es\/servicios-contables-y-fiscales\/servicios-contables\/paquete-de-servicios-contables\/\"]}]},{\"@type\":\"BreadcrumbList\",\"@id\":\"https:\/\/accountit.com\/es\/servicios-contables-y-fiscales\/servicios-contables\/paquete-de-servicios-contables\/#breadcrumb\",\"itemListElement\":[{\"@type\":\"ListItem\",\"position\":1,\"name\":\"Inicio\",\"item\":\"https:\/\/accountit.com\/es\/cpa-de-confianza-en-weston-fl\/\"},{\"@type\":\"ListItem\",\"position\":2,\"name\":\"Servicios contables y fiscales\",\"item\":\"https:\/\/accountit.com\/es\/servicios-contables-y-fiscales\/\"},{\"@type\":\"ListItem\",\"position\":3,\"name\":\"Servicios contables\",\"item\":\"https:\/\/accountit.com\/es\/servicios-contables-y-fiscales\/servicios-contables\/\"},{\"@type\":\"ListItem\",\"position\":4,\"name\":\"Paquete de Servicios Contables\"}]},{\"@type\":\"WebSite\",\"@id\":\"https:\/\/accountit.com\/es\/#website\",\"url\":\"https:\/\/accountit.com\/es\/\",\"name\":\"Trusted CPA in Weston, FL\",\"description\":\"Trusted Tax, Accounting &amp; Virtual CFO Services in Weston, FL\",\"publisher\":{\"@id\":\"https:\/\/accountit.com\/es\/#organization\"},\"alternateName\":\"Accountit CPA\",\"potentialAction\":[{\"@type\":\"SearchAction\",\"target\":{\"@type\":\"EntryPoint\",\"urlTemplate\":\"https:\/\/accountit.com\/es\/?s={search_term_string}\"},\"query-input\":{\"@type\":\"PropertyValueSpecification\",\"valueRequired\":true,\"valueName\":\"search_term_string\"}}],\"inLanguage\":\"es\"},{\"@type\":\"Organization\",\"@id\":\"https:\/\/accountit.com\/es\/#organization\",\"name\":\"Contable, CPA\",\"alternateName\":\"Contable, CPA\",\"url\":\"https:\/\/accountit.com\/es\/\",\"logo\":{\"@type\":\"ImageObject\",\"inLanguage\":\"es\",\"@id\":\"https:\/\/accountit.com\/es\/#\/schema\/logo\/image\/\",\"url\":\"https:\/\/accountit.com\/wp-content\/uploads\/2023\/07\/cropped-cropped-favicon-01.png\",\"contentUrl\":\"https:\/\/accountit.com\/wp-content\/uploads\/2023\/07\/cropped-cropped-favicon-01.png\",\"width\":512,\"height\":512,\"caption\":\"Contable, CPA\"},\"image\":{\"@id\":\"https:\/\/accountit.com\/es\/#\/schema\/logo\/image\/\"},\"sameAs\":[\"https:\/\/www.facebook.com\/accountitcpa\",\"https:\/\/x.com\/acctitcpa\",\"https:\/\/www.linkedin.com\/company\/accountit\/\",\"https:\/\/www.instagram.com\/accountitcpa\/\"]}]}<\/script>\n<!-- \/ Yoast SEO Premium plugin. -->","yoast_head_json":{"title":"Paquete de Servicios Contables - Trusted CPA in Weston","description":"Consigue un paquete completo de servicios contables de un CPA de confianza en Miami, Ft. Lauderdale y Palm Beach. \u00a1Agiliza tus finanzas para alcanzar el \u00e9xito!","robots":{"index":"index","follow":"follow","max-snippet":"max-snippet:-1","max-image-preview":"max-image-preview:large","max-video-preview":"max-video-preview:-1"},"canonical":"https:\/\/accountit.com\/es\/servicios-contables-y-fiscales\/servicios-contables\/paquete-de-servicios-contables\/","og_locale":"es_ES","og_type":"article","og_title":"Paquete de Servicios Contables","og_description":"Consigue un paquete completo de servicios contables de un CPA de confianza en Miami, Ft. Lauderdale y Palm Beach. \u00a1Agiliza tus finanzas para alcanzar el \u00e9xito!","og_url":"https:\/\/accountit.com\/es\/servicios-contables-y-fiscales\/servicios-contables\/paquete-de-servicios-contables\/","og_site_name":"Trusted CPA in Weston","article_publisher":"https:\/\/www.facebook.com\/accountitcpa","article_modified_time":"2025-07-28T23:22:48+00:00","og_image":[{"width":512,"height":512,"url":"https:\/\/accountit.com\/wp-content\/uploads\/2023\/07\/cropped-cropped-favicon-01.png","type":"image\/png"}],"twitter_card":"summary_large_image","twitter_site":"@acctitcpa","twitter_misc":{"Tiempo de lectura":"7 minutos"},"schema":{"@context":"https:\/\/schema.org","@graph":[{"@type":"WebPage","@id":"https:\/\/accountit.com\/es\/servicios-contables-y-fiscales\/servicios-contables\/paquete-de-servicios-contables\/","url":"https:\/\/accountit.com\/es\/servicios-contables-y-fiscales\/servicios-contables\/paquete-de-servicios-contables\/","name":"Paquete de Servicios Contables - Trusted CPA in Weston","isPartOf":{"@id":"https:\/\/accountit.com\/es\/#website"},"datePublished":"2023-06-28T21:12:04+00:00","dateModified":"2025-07-28T23:22:48+00:00","description":"Consigue un paquete completo de servicios contables de un CPA de confianza en Miami, Ft. Lauderdale y Palm Beach. \u00a1Agiliza tus finanzas para alcanzar el \u00e9xito!","breadcrumb":{"@id":"https:\/\/accountit.com\/es\/servicios-contables-y-fiscales\/servicios-contables\/paquete-de-servicios-contables\/#breadcrumb"},"inLanguage":"es","potentialAction":[{"@type":"ReadAction","target":["https:\/\/accountit.com\/es\/servicios-contables-y-fiscales\/servicios-contables\/paquete-de-servicios-contables\/"]}]},{"@type":"BreadcrumbList","@id":"https:\/\/accountit.com\/es\/servicios-contables-y-fiscales\/servicios-contables\/paquete-de-servicios-contables\/#breadcrumb","itemListElement":[{"@type":"ListItem","position":1,"name":"Inicio","item":"https:\/\/accountit.com\/es\/cpa-de-confianza-en-weston-fl\/"},{"@type":"ListItem","position":2,"name":"Servicios contables y fiscales","item":"https:\/\/accountit.com\/es\/servicios-contables-y-fiscales\/"},{"@type":"ListItem","position":3,"name":"Servicios contables","item":"https:\/\/accountit.com\/es\/servicios-contables-y-fiscales\/servicios-contables\/"},{"@type":"ListItem","position":4,"name":"Paquete de Servicios Contables"}]},{"@type":"WebSite","@id":"https:\/\/accountit.com\/es\/#website","url":"https:\/\/accountit.com\/es\/","name":"Trusted CPA in Weston, FL","description":"Trusted Tax, Accounting &amp; Virtual CFO Services in Weston, FL","publisher":{"@id":"https:\/\/accountit.com\/es\/#organization"},"alternateName":"Accountit CPA","potentialAction":[{"@type":"SearchAction","target":{"@type":"EntryPoint","urlTemplate":"https:\/\/accountit.com\/es\/?s={search_term_string}"},"query-input":{"@type":"PropertyValueSpecification","valueRequired":true,"valueName":"search_term_string"}}],"inLanguage":"es"},{"@type":"Organization","@id":"https:\/\/accountit.com\/es\/#organization","name":"Contable, CPA","alternateName":"Contable, CPA","url":"https:\/\/accountit.com\/es\/","logo":{"@type":"ImageObject","inLanguage":"es","@id":"https:\/\/accountit.com\/es\/#\/schema\/logo\/image\/","url":"https:\/\/accountit.com\/wp-content\/uploads\/2023\/07\/cropped-cropped-favicon-01.png","contentUrl":"https:\/\/accountit.com\/wp-content\/uploads\/2023\/07\/cropped-cropped-favicon-01.png","width":512,"height":512,"caption":"Contable, CPA"},"image":{"@id":"https:\/\/accountit.com\/es\/#\/schema\/logo\/image\/"},"sameAs":["https:\/\/www.facebook.com\/accountitcpa","https:\/\/x.com\/acctitcpa","https:\/\/www.linkedin.com\/company\/accountit\/","https:\/\/www.instagram.com\/accountitcpa\/"]}]}},"_links":{"self":[{"href":"https:\/\/accountit.com\/es\/wp-json\/wp\/v2\/pages\/3821","targetHints":{"allow":["GET"]}}],"collection":[{"href":"https:\/\/accountit.com\/es\/wp-json\/wp\/v2\/pages"}],"about":[{"href":"https:\/\/accountit.com\/es\/wp-json\/wp\/v2\/types\/page"}],"author":[{"embeddable":true,"href":"https:\/\/accountit.com\/es\/wp-json\/wp\/v2\/users\/2"}],"replies":[{"embeddable":true,"href":"https:\/\/accountit.com\/es\/wp-json\/wp\/v2\/comments?post=3821"}],"version-history":[{"count":3,"href":"https:\/\/accountit.com\/es\/wp-json\/wp\/v2\/pages\/3821\/revisions"}],"predecessor-version":[{"id":3873,"href":"https:\/\/accountit.com\/es\/wp-json\/wp\/v2\/pages\/3821\/revisions\/3873"}],"up":[{"embeddable":true,"href":"https:\/\/accountit.com\/es\/wp-json\/wp\/v2\/pages\/3685"}],"wp:attachment":[{"href":"https:\/\/accountit.com\/es\/wp-json\/wp\/v2\/media?parent=3821"}],"curies":[{"name":"wp","href":"https:\/\/api.w.org\/{rel}","templated":true}]}}