{"id":3799,"date":"2024-01-12T09:33:47","date_gmt":"2024-01-12T14:33:47","guid":{"rendered":"https:\/\/accountit.com\/vyju-narendra-cpa\/"},"modified":"2025-07-28T19:22:52","modified_gmt":"2025-07-28T23:22:52","slug":"vyju-narendra-cpa","status":"publish","type":"page","link":"https:\/\/accountit.com\/es\/equipo\/vyju-narendra-cpa\/","title":{"rendered":"Vyju Narendra, CPA"},"content":{"rendered":"<div class=\"fusion-fullwidth fullwidth-box fusion-builder-row-1 fusion-flex-container has-pattern-background has-mask-background nonhundred-percent-fullwidth non-hundred-percent-height-scrolling bio_page\" style=\"--awb-border-radius-top-left:0px;--awb-border-radius-top-right:0px;--awb-border-radius-bottom-right:0px;--awb-border-radius-bottom-left:0px;--awb-flex-wrap:wrap;\" ><div class=\"fusion-builder-row fusion-row fusion-flex-align-items-flex-start fusion-flex-content-wrap\" style=\"max-width:1248px;margin-left: calc(-4% \/ 2 );margin-right: calc(-4% \/ 2 );\"><div class=\"fusion-layout-column fusion_builder_column fusion-builder-column-0 fusion_builder_column_1_3 1_3 fusion-flex-column\" style=\"--awb-bg-size:cover;--awb-width-large:33.333333333333%;--awb-margin-top-large:20px;--awb-spacing-right-large:5.76%;--awb-margin-bottom-large:20px;--awb-spacing-left-large:5.76%;--awb-width-medium:33.333333333333%;--awb-order-medium:0;--awb-spacing-right-medium:5.76%;--awb-spacing-left-medium:5.76%;--awb-width-small:100%;--awb-order-small:0;--awb-spacing-right-small:1.92%;--awb-spacing-left-small:1.92%;\"><div class=\"fusion-column-wrapper fusion-column-has-shadow fusion-flex-justify-content-flex-start fusion-content-layout-column\"><div class=\"fusion-image-element \" style=\"--awb-caption-title-font-family:var(--h2_typography-font-family);--awb-caption-title-font-weight:var(--h2_typography-font-weight);--awb-caption-title-font-style:var(--h2_typography-font-style);--awb-caption-title-size:var(--h2_typography-font-size);--awb-caption-title-transform:var(--h2_typography-text-transform);--awb-caption-title-line-height:var(--h2_typography-line-height);--awb-caption-title-letter-spacing:var(--h2_typography-letter-spacing);\"><span class=\" fusion-imageframe imageframe-none imageframe-1 hover-type-none\" style=\"border-radius:12px;\"><img decoding=\"async\" width=\"1920\" height=\"2560\" alt=\"Vyju Narendra CPA\" title=\"Vyju Narendra CPA\" src=\"https:\/\/accountit.com\/wp-content\/uploads\/2024\/01\/Vyju-Narendra-CPA-scaled.jpg\" data-orig-src=\"https:\/\/accountit.com\/wp-content\/uploads\/2024\/01\/Vyju-Narendra-CPA-scaled.jpg\" class=\"lazyload img-responsive wp-image-3621\" srcset=\"data:image\/svg+xml,%3Csvg%20xmlns%3D%27http%3A%2F%2Fwww.w3.org%2F2000%2Fsvg%27%20width%3D%271920%27%20height%3D%272560%27%20viewBox%3D%270%200%201920%202560%27%3E%3Crect%20width%3D%271920%27%20height%3D%272560%27%20fill-opacity%3D%220%22%2F%3E%3C%2Fsvg%3E\" data-srcset=\"https:\/\/accountit.com\/wp-content\/uploads\/2024\/01\/Vyju-Narendra-CPA-200x267.jpg 200w, https:\/\/accountit.com\/wp-content\/uploads\/2024\/01\/Vyju-Narendra-CPA-400x533.jpg 400w, https:\/\/accountit.com\/wp-content\/uploads\/2024\/01\/Vyju-Narendra-CPA-600x800.jpg 600w, https:\/\/accountit.com\/wp-content\/uploads\/2024\/01\/Vyju-Narendra-CPA-800x1067.jpg 800w, https:\/\/accountit.com\/wp-content\/uploads\/2024\/01\/Vyju-Narendra-CPA-1200x1600.jpg 1200w, https:\/\/accountit.com\/wp-content\/uploads\/2024\/01\/Vyju-Narendra-CPA-scaled.jpg 1920w\" data-sizes=\"auto\" data-orig-sizes=\"(max-width: 640px) 100vw, 400px\" \/><\/span><\/div><\/div><\/div><div class=\"fusion-layout-column fusion_builder_column fusion-builder-column-1 fusion_builder_column_2_3 2_3 fusion-flex-column\" style=\"--awb-bg-size:cover;--awb-width-large:66.666666666667%;--awb-margin-top-large:20px;--awb-spacing-right-large:2.88%;--awb-margin-bottom-large:20px;--awb-spacing-left-large:2.88%;--awb-width-medium:66.666666666667%;--awb-order-medium:0;--awb-spacing-right-medium:2.88%;--awb-spacing-left-medium:2.88%;--awb-width-small:100%;--awb-order-small:0;--awb-spacing-right-small:1.92%;--awb-spacing-left-small:1.92%;\"><div class=\"fusion-column-wrapper fusion-column-has-shadow fusion-flex-justify-content-flex-start fusion-content-layout-column\"><div class=\"fusion-title title fusion-title-1 fusion-sep-none fusion-title-text fusion-title-size-one\"><h1 class=\"fusion-title-heading title-heading-left fusion-responsive-typography-calculated\" style=\"margin:0;--fontSize:60;line-height:var(--awb-typography1-line-height);\">Vyju Narendra, CPA<\/h1><\/div><div class=\"fusion-title title fusion-title-2 fusion-sep-none fusion-title-text fusion-title-size-four\"><h4 class=\"fusion-title-heading title-heading-left fusion-responsive-typography-calculated\" style=\"margin:0;--fontSize:24;--minFontSize:24;line-height:1.42;\">Fundador Accountit - Asesor\u00eda Contable, Fiscal y CPA<\/h4><\/div><div class=\"fusion-text fusion-text-1\" style=\"--awb-content-alignment:left;\"><p><a href=\"https:\/\/www.linkedin.com\/in\/vyjunarendra\/\">Vyju Narendra<\/a> es un CPA de confianza en Weston, Florida, votada como una de las mejores ciudades para vivir en Estados Unidos. Vyju tiene sus ra\u00edces en la regi\u00f3n cafetera de Coorg, en el sur de la India. Inspir\u00e1ndose en el sol, el mar y la arena de Miami, Vyju fund\u00f3 Accountit, una empresa de CPA en Weston que ofrece servicios completos de contabilidad que abarcan impuestos, contabilidad, tenedur\u00eda de libros, CFO virtual y\/o fraccional y servicios de asesoramiento a empresas y personas con un elevado patrimonio neto (HNWI).  <\/p>\n<p>Su trayectoria profesional comenz\u00f3 en el a\u00f1o 2000 como profesional fiscal en renombradas empresas de contabilidad p\u00fablica como Morrison, Brown, Argiz &amp; Farra (MBAF) y m\u00e1s tarde en BDO USA. En su puesto de Asesora Fiscal y Contable, Vyju supervis\u00f3 la contabilidad y el cumplimiento de las obligaciones fiscales de personas con un elevado patrimonio neto, deportistas famosos, artistas y una amplia gama de peque\u00f1as y medianas empresas, desde empresas de champ\u00e1n de famosos hasta tiendas y restaurantes. <\/p>\n<p>Con su experiencia en la revisi\u00f3n de informes financieros, procesos empresariales y declaraciones fiscales, desempe\u00f1\u00f3 un papel fundamental en fusiones y adquisiciones multimillonarias. Adem\u00e1s, la perspicacia financiera global de Vyju se extiende a la elaboraci\u00f3n de procesos contables para empresas en distintas ubicaciones geogr\u00e1ficas y a la comprensi\u00f3n de las operaciones multidivisa. <\/p>\n<p>Adem\u00e1s, Vyju trabaj\u00f3 como Directora Financiera de <a href=\"https:\/\/www.designereyes.com\/\">Designer Eyes<\/a>, de una empresa local del sur de Florida, donde ayud\u00f3 a dar un giro a las finanzas de la empresa, ayud\u00e1ndola a convertirla en una historia de \u00e9xito multimillonaria.<\/p>\n<p>Aparte de ser CPA, Vyju presta servicios a la comunidad local como voluntaria a tiempo parcial y miembro de comit\u00e9s para escuelas p\u00fablicas locales. Vyju va m\u00e1s all\u00e1 de ser CPA, mostrando un camino completo hacia el \u00e9xito como l\u00edder financiera, pensadora estrat\u00e9gica y defensora de la comunidad.<\/p>\n<\/div><\/div><\/div><\/div><\/div>\n","protected":false},"excerpt":{"rendered":"","protected":false},"author":2,"featured_media":0,"parent":3817,"menu_order":0,"comment_status":"closed","ping_status":"closed","template":"100-width.php","meta":{"_monsterinsights_skip_tracking":false,"_monsterinsights_sitenote_active":false,"_monsterinsights_sitenote_note":"","_monsterinsights_sitenote_category":0,"_uf_show_specific_survey":0,"_uf_disable_surveys":false,"footnotes":""},"class_list":["post-3799","page","type-page","status-publish","hentry"],"yoast_head":"<!-- This site is optimized with the Yoast SEO Premium plugin v24.3 (Yoast SEO v26.8) - https:\/\/yoast.com\/product\/yoast-seo-premium-wordpress\/ -->\n<title>Vyju Narendra, CPA - Contabilidad e Impuestos | Weston, FL Accountit<\/title>\n<meta name=\"description\" content=\"Vyju Narendra es una CPA experimentada y de confianza. Con m\u00e1s de 20 a\u00f1os de experiencia, ofrece soluciones contables integrales en Weston, FL.\" \/>\n<meta name=\"robots\" content=\"index, follow, max-snippet:-1, max-image-preview:large, max-video-preview:-1\" \/>\n<link rel=\"canonical\" href=\"https:\/\/accountit.com\/es\/equipo\/vyju-narendra-cpa\/\" \/>\n<meta property=\"og:locale\" content=\"es_ES\" \/>\n<meta property=\"og:type\" content=\"article\" \/>\n<meta property=\"og:title\" content=\"Vyju Narendra, CPA\" \/>\n<meta property=\"og:description\" content=\"Vyju Narendra es una CPA experimentada y de confianza. Con m\u00e1s de 20 a\u00f1os de experiencia, ofrece soluciones contables integrales en Weston, FL.\" \/>\n<meta property=\"og:url\" content=\"https:\/\/accountit.com\/es\/equipo\/vyju-narendra-cpa\/\" \/>\n<meta property=\"og:site_name\" content=\"Trusted CPA in Weston\" \/>\n<meta property=\"article:publisher\" content=\"https:\/\/www.facebook.com\/accountitcpa\" \/>\n<meta property=\"article:modified_time\" content=\"2025-07-28T23:22:52+00:00\" \/>\n<meta property=\"og:image\" content=\"https:\/\/accountit.com\/wp-content\/uploads\/2023\/07\/cropped-cropped-favicon-01.png\" \/>\n\t<meta property=\"og:image:width\" content=\"512\" \/>\n\t<meta property=\"og:image:height\" content=\"512\" \/>\n\t<meta property=\"og:image:type\" content=\"image\/png\" \/>\n<meta name=\"twitter:card\" content=\"summary_large_image\" \/>\n<meta name=\"twitter:site\" content=\"@acctitcpa\" \/>\n<meta name=\"twitter:label1\" content=\"Tiempo de lectura\" \/>\n\t<meta name=\"twitter:data1\" content=\"12 minutos\" \/>\n<script type=\"application\/ld+json\" class=\"yoast-schema-graph\">{\"@context\":\"https:\/\/schema.org\",\"@graph\":[{\"@type\":\"WebPage\",\"@id\":\"https:\/\/accountit.com\/es\/equipo\/vyju-narendra-cpa\/\",\"url\":\"https:\/\/accountit.com\/es\/equipo\/vyju-narendra-cpa\/\",\"name\":\"Vyju Narendra, CPA - Contabilidad e Impuestos | Weston, FL Accountit\",\"isPartOf\":{\"@id\":\"https:\/\/accountit.com\/es\/#website\"},\"datePublished\":\"2024-01-12T14:33:47+00:00\",\"dateModified\":\"2025-07-28T23:22:52+00:00\",\"description\":\"Vyju Narendra es una CPA experimentada y de confianza. Con m\u00e1s de 20 a\u00f1os de experiencia, ofrece soluciones contables integrales en Weston, FL.\",\"breadcrumb\":{\"@id\":\"https:\/\/accountit.com\/es\/equipo\/vyju-narendra-cpa\/#breadcrumb\"},\"inLanguage\":\"es\",\"potentialAction\":[{\"@type\":\"ReadAction\",\"target\":[\"https:\/\/accountit.com\/es\/equipo\/vyju-narendra-cpa\/\"]}]},{\"@type\":\"BreadcrumbList\",\"@id\":\"https:\/\/accountit.com\/es\/equipo\/vyju-narendra-cpa\/#breadcrumb\",\"itemListElement\":[{\"@type\":\"ListItem\",\"position\":1,\"name\":\"Inicio\",\"item\":\"https:\/\/accountit.com\/es\/cpa-de-confianza-en-weston-fl\/\"},{\"@type\":\"ListItem\",\"position\":2,\"name\":\"Equipo\",\"item\":\"https:\/\/accountit.com\/es\/equipo\/\"},{\"@type\":\"ListItem\",\"position\":3,\"name\":\"Vyju Narendra, CPA\"}]},{\"@type\":\"WebSite\",\"@id\":\"https:\/\/accountit.com\/es\/#website\",\"url\":\"https:\/\/accountit.com\/es\/\",\"name\":\"Trusted CPA in Weston, FL\",\"description\":\"Trusted Tax, Accounting &amp; Virtual CFO Services in Weston, FL\",\"publisher\":{\"@id\":\"https:\/\/accountit.com\/es\/#organization\"},\"alternateName\":\"Accountit CPA\",\"potentialAction\":[{\"@type\":\"SearchAction\",\"target\":{\"@type\":\"EntryPoint\",\"urlTemplate\":\"https:\/\/accountit.com\/es\/?s={search_term_string}\"},\"query-input\":{\"@type\":\"PropertyValueSpecification\",\"valueRequired\":true,\"valueName\":\"search_term_string\"}}],\"inLanguage\":\"es\"},{\"@type\":\"Organization\",\"@id\":\"https:\/\/accountit.com\/es\/#organization\",\"name\":\"Contable, CPA\",\"alternateName\":\"Contable, CPA\",\"url\":\"https:\/\/accountit.com\/es\/\",\"logo\":{\"@type\":\"ImageObject\",\"inLanguage\":\"es\",\"@id\":\"https:\/\/accountit.com\/es\/#\/schema\/logo\/image\/\",\"url\":\"https:\/\/accountit.com\/wp-content\/uploads\/2023\/07\/cropped-cropped-favicon-01.png\",\"contentUrl\":\"https:\/\/accountit.com\/wp-content\/uploads\/2023\/07\/cropped-cropped-favicon-01.png\",\"width\":512,\"height\":512,\"caption\":\"Contable, CPA\"},\"image\":{\"@id\":\"https:\/\/accountit.com\/es\/#\/schema\/logo\/image\/\"},\"sameAs\":[\"https:\/\/www.facebook.com\/accountitcpa\",\"https:\/\/x.com\/acctitcpa\",\"https:\/\/www.linkedin.com\/company\/accountit\/\",\"https:\/\/www.instagram.com\/accountitcpa\/\"]}]}<\/script>\n<!-- \/ Yoast SEO Premium plugin. -->","yoast_head_json":{"title":"Vyju Narendra, CPA - Contabilidad e Impuestos | Weston, FL Accountit","description":"Vyju Narendra es una CPA experimentada y de confianza. Con m\u00e1s de 20 a\u00f1os de experiencia, ofrece soluciones contables integrales en Weston, FL.","robots":{"index":"index","follow":"follow","max-snippet":"max-snippet:-1","max-image-preview":"max-image-preview:large","max-video-preview":"max-video-preview:-1"},"canonical":"https:\/\/accountit.com\/es\/equipo\/vyju-narendra-cpa\/","og_locale":"es_ES","og_type":"article","og_title":"Vyju Narendra, CPA","og_description":"Vyju Narendra es una CPA experimentada y de confianza. Con m\u00e1s de 20 a\u00f1os de experiencia, ofrece soluciones contables integrales en Weston, FL.","og_url":"https:\/\/accountit.com\/es\/equipo\/vyju-narendra-cpa\/","og_site_name":"Trusted CPA in Weston","article_publisher":"https:\/\/www.facebook.com\/accountitcpa","article_modified_time":"2025-07-28T23:22:52+00:00","og_image":[{"width":512,"height":512,"url":"https:\/\/accountit.com\/wp-content\/uploads\/2023\/07\/cropped-cropped-favicon-01.png","type":"image\/png"}],"twitter_card":"summary_large_image","twitter_site":"@acctitcpa","twitter_misc":{"Tiempo de lectura":"12 minutos"},"schema":{"@context":"https:\/\/schema.org","@graph":[{"@type":"WebPage","@id":"https:\/\/accountit.com\/es\/equipo\/vyju-narendra-cpa\/","url":"https:\/\/accountit.com\/es\/equipo\/vyju-narendra-cpa\/","name":"Vyju Narendra, CPA - Contabilidad e Impuestos | Weston, FL Accountit","isPartOf":{"@id":"https:\/\/accountit.com\/es\/#website"},"datePublished":"2024-01-12T14:33:47+00:00","dateModified":"2025-07-28T23:22:52+00:00","description":"Vyju Narendra es una CPA experimentada y de confianza. Con m\u00e1s de 20 a\u00f1os de experiencia, ofrece soluciones contables integrales en Weston, FL.","breadcrumb":{"@id":"https:\/\/accountit.com\/es\/equipo\/vyju-narendra-cpa\/#breadcrumb"},"inLanguage":"es","potentialAction":[{"@type":"ReadAction","target":["https:\/\/accountit.com\/es\/equipo\/vyju-narendra-cpa\/"]}]},{"@type":"BreadcrumbList","@id":"https:\/\/accountit.com\/es\/equipo\/vyju-narendra-cpa\/#breadcrumb","itemListElement":[{"@type":"ListItem","position":1,"name":"Inicio","item":"https:\/\/accountit.com\/es\/cpa-de-confianza-en-weston-fl\/"},{"@type":"ListItem","position":2,"name":"Equipo","item":"https:\/\/accountit.com\/es\/equipo\/"},{"@type":"ListItem","position":3,"name":"Vyju Narendra, CPA"}]},{"@type":"WebSite","@id":"https:\/\/accountit.com\/es\/#website","url":"https:\/\/accountit.com\/es\/","name":"Trusted CPA in Weston, FL","description":"Trusted Tax, Accounting &amp; Virtual CFO Services in Weston, FL","publisher":{"@id":"https:\/\/accountit.com\/es\/#organization"},"alternateName":"Accountit CPA","potentialAction":[{"@type":"SearchAction","target":{"@type":"EntryPoint","urlTemplate":"https:\/\/accountit.com\/es\/?s={search_term_string}"},"query-input":{"@type":"PropertyValueSpecification","valueRequired":true,"valueName":"search_term_string"}}],"inLanguage":"es"},{"@type":"Organization","@id":"https:\/\/accountit.com\/es\/#organization","name":"Contable, CPA","alternateName":"Contable, CPA","url":"https:\/\/accountit.com\/es\/","logo":{"@type":"ImageObject","inLanguage":"es","@id":"https:\/\/accountit.com\/es\/#\/schema\/logo\/image\/","url":"https:\/\/accountit.com\/wp-content\/uploads\/2023\/07\/cropped-cropped-favicon-01.png","contentUrl":"https:\/\/accountit.com\/wp-content\/uploads\/2023\/07\/cropped-cropped-favicon-01.png","width":512,"height":512,"caption":"Contable, CPA"},"image":{"@id":"https:\/\/accountit.com\/es\/#\/schema\/logo\/image\/"},"sameAs":["https:\/\/www.facebook.com\/accountitcpa","https:\/\/x.com\/acctitcpa","https:\/\/www.linkedin.com\/company\/accountit\/","https:\/\/www.instagram.com\/accountitcpa\/"]}]}},"_links":{"self":[{"href":"https:\/\/accountit.com\/es\/wp-json\/wp\/v2\/pages\/3799","targetHints":{"allow":["GET"]}}],"collection":[{"href":"https:\/\/accountit.com\/es\/wp-json\/wp\/v2\/pages"}],"about":[{"href":"https:\/\/accountit.com\/es\/wp-json\/wp\/v2\/types\/page"}],"author":[{"embeddable":true,"href":"https:\/\/accountit.com\/es\/wp-json\/wp\/v2\/users\/2"}],"replies":[{"embeddable":true,"href":"https:\/\/accountit.com\/es\/wp-json\/wp\/v2\/comments?post=3799"}],"version-history":[{"count":7,"href":"https:\/\/accountit.com\/es\/wp-json\/wp\/v2\/pages\/3799\/revisions"}],"predecessor-version":[{"id":3899,"href":"https:\/\/accountit.com\/es\/wp-json\/wp\/v2\/pages\/3799\/revisions\/3899"}],"up":[{"embeddable":true,"href":"https:\/\/accountit.com\/es\/wp-json\/wp\/v2\/pages\/3817"}],"wp:attachment":[{"href":"https:\/\/accountit.com\/es\/wp-json\/wp\/v2\/media?parent=3799"}],"curies":[{"name":"wp","href":"https:\/\/api.w.org\/{rel}","templated":true}]}}