{"id":3696,"date":"2023-08-16T18:14:03","date_gmt":"2023-08-16T22:14:03","guid":{"rendered":"https:\/\/accountit.com\/areas-de-servicio-cpa-fiscalidad-y-contabilidad-en-el-sur-de-florida-contabilidad\/"},"modified":"2025-07-28T19:22:49","modified_gmt":"2025-07-28T23:22:49","slug":"areas-de-servicio-cpa-fiscalidad-y-contabilidad-en-el-sur-de-florida-contabilidad","status":"publish","type":"page","link":"https:\/\/accountit.com\/es\/areas-de-servicio-cpa-fiscalidad-y-contabilidad-en-el-sur-de-florida-contabilidad\/","title":{"rendered":"\u00c1reas de Servicio CPA | Fiscalidad y Contabilidad en el Sur de Florida | Contabilidad"},"content":{"rendered":"<p><div class=\"fusion-fullwidth fullwidth-box fusion-builder-row-1 fusion-flex-container has-pattern-background has-mask-background nonhundred-percent-fullwidth non-hundred-percent-height-scrolling\" style=\"--awb-border-radius-top-left:0px;--awb-border-radius-top-right:0px;--awb-border-radius-bottom-right:0px;--awb-border-radius-bottom-left:0px;--awb-padding-top:0px;--awb-padding-right:0px;--awb-padding-bottom:0px;--awb-padding-left:6px;--awb-margin-top:70px;--awb-margin-bottom:0px;--awb-flex-wrap:wrap;\" ><div class=\"fusion-builder-row fusion-row fusion-flex-align-items-flex-start fusion-flex-content-wrap\" style=\"max-width:1248px;margin-left: calc(-4% \/ 2 );margin-right: calc(-4% \/ 2 );\"><div class=\"fusion-layout-column fusion_builder_column fusion-builder-column-0 fusion_builder_column_1_1 1_1 fusion-flex-column\" style=\"--awb-bg-size:cover;--awb-width-large:100%;--awb-margin-top-large:20px;--awb-spacing-right-large:1.92%;--awb-margin-bottom-large:20px;--awb-spacing-left-large:1.92%;--awb-width-medium:100%;--awb-order-medium:0;--awb-spacing-right-medium:1.92%;--awb-spacing-left-medium:1.92%;--awb-width-small:100%;--awb-order-small:0;--awb-spacing-right-small:1.92%;--awb-spacing-left-small:1.92%;\"><div class=\"fusion-column-wrapper fusion-column-has-shadow fusion-flex-justify-content-flex-start fusion-content-layout-column\"><div class=\"fusion-text fusion-text-1\"><p data-start=\"76\" data-end=\"151\"><strong data-start=\"76\" data-end=\"151\">Descubre <a href=\"https:\/\/accountit.com\/es\/\">Accountit\u2122 CPA<\/a> - El equipo de contabilidad remota 5 estrellas del sur de Florida<\/strong><\/p>\n<p data-start=\"153\" data-end=\"395\">Con sede en <a href=\"https:\/\/www.westonfl.org\/\"><strong data-start=\"741\" data-end=\"751\">Weston<\/strong><\/a>ofrecemos servicios expertos de planificaci\u00f3n fiscal, contabilidad y servicios de Director Financiero Virtual a particulares y empresas en crecimiento de los condados de <a href=\"https:\/\/www.fortlauderdale.gov\/\">Broward<\/a>, <a href=\"https:\/\/www.townofpalmbeach.com\/\">Palm Beach<\/a> y <a href=\"https:\/\/www.miami.gov\/Home\">Miami-Dade<\/a>, y de cualquier otro lugar de Estados Unidos, a trav\u00e9s de reuniones seguras de Zoom.<\/p>\n<\/div><div class=\"fusion-text fusion-text-2\"><p data-start=\"76\" data-end=\"151\"><strong>\u00c1reas de servicio<\/strong><\/p>\n<p data-start=\"416\" data-end=\"453\">Actualmente colaboramos con clientes en:<\/p>\n<ul data-start=\"455\" data-end=\"648\">\n<li data-start=\"455\" data-end=\"471\">\n<p data-start=\"457\" data-end=\"471\"><a href=\"http:\/\/accountit.com\/service-areas\/cpa-weston-fl\"><strong data-start=\"457\" data-end=\"471\">Weston, FL<\/strong><\/a><\/p>\n<\/li>\n<li data-start=\"472\" data-end=\"489\">\n<p data-start=\"474\" data-end=\"489\"><a href=\"https:\/\/accountit.com\/es\/areas-de-servicio-cpa-fiscalidad-y-contabilidad-en-el-sur-de-florida-contabilidad\/cpa-miramar-fl-impuestos-y-contabilidad\/\"><strong data-start=\"474\" data-end=\"489\">Miramar, FL<\/strong><\/a><\/p>\n<\/li>\n<li data-start=\"490\" data-end=\"514\">\n<p data-start=\"492\" data-end=\"514\"><a href=\"https:\/\/accountit.com\/es\/areas-de-servicio-cpa-fiscalidad-y-contabilidad-en-el-sur-de-florida-contabilidad\/cpa-pembroke-pines-fl-impuestos-y-contabilidad\/\"><strong data-start=\"492\" data-end=\"514\">Pembroke Pines, FL<\/strong><\/a><\/p>\n<\/li>\n<li data-start=\"515\" data-end=\"530\">\n<p data-start=\"517\" data-end=\"530\"><a href=\"https:\/\/accountit.com\/es\/areas-de-servicio-cpa-fiscalidad-y-contabilidad-en-el-sur-de-florida-contabilidad\/cpa-davie-fl-impuestos-y-contabilidad\/\"><strong data-start=\"517\" data-end=\"530\">Davie, FL<\/strong><\/a><\/p>\n<\/li>\n<li data-start=\"531\" data-end=\"551\">\n<p data-start=\"533\" data-end=\"551\"><a href=\"https:\/\/accountit.com\/es\/areas-de-servicio-cpa-fiscalidad-y-contabilidad-en-el-sur-de-florida-contabilidad\/cpa-plantation-fl-impuestos-y-contabilidad\/\"><strong data-start=\"533\" data-end=\"551\">Plantation, FL<\/strong><\/a><\/p>\n<\/li>\n<li data-start=\"552\" data-end=\"569\">\n<p data-start=\"554\" data-end=\"569\"><a href=\"https:\/\/accountit.com\/es\/areas-de-servicio-cpa-fiscalidad-y-contabilidad-en-el-sur-de-florida-contabilidad\/cpa-sunrise-fl-impuestos-y-contabilidad\/\"><strong data-start=\"554\" data-end=\"569\">Sunrise, FL<\/strong><\/a><\/p>\n<\/li>\n<li data-start=\"570\" data-end=\"588\">\n<p data-start=\"572\" data-end=\"588\"><a href=\"https:\/\/accountit.com\/es\/areas-de-servicio-cpa-fiscalidad-y-contabilidad-en-el-sur-de-florida-contabilidad\/cpa-parkland-fl-impuestos-y-contabilidad\/\"><strong data-start=\"572\" data-end=\"588\">Parkland, FL<\/strong><\/a><\/p>\n<\/li>\n<li data-start=\"589\" data-end=\"616\">\n<p data-start=\"591\" data-end=\"616\"><a href=\"https:\/\/accountit.com\/es\/areas-de-servicio-cpa-fiscalidad-y-contabilidad-en-el-sur-de-florida-contabilidad\/cpa-southwest-ranches-fl-impuestos-y-contabilidad\/\"><strong data-start=\"591\" data-end=\"616\">Ranchos del Suroeste, FL<\/strong><\/a><\/p>\n<\/li>\n<li data-start=\"617\" data-end=\"648\">\n<p data-start=\"619\" data-end=\"648\"><a href=\"https:\/\/accountit.com\/es\/areas-de-servicio-cpa-fiscalidad-y-contabilidad-en-el-sur-de-florida-contabilidad\/cpa-miami-fl-impuestos-y-contabilidad\/\"><strong data-start=\"619\" data-end=\"648\">Miami \/ Condado de Miami-Dade<\/strong><\/a><\/p>\n<\/li>\n<\/ul>\n<\/div><\/div><\/div><\/div><\/div><div class=\"fusion-fullwidth fullwidth-box fusion-builder-row-2 fusion-flex-container has-pattern-background has-mask-background nonhundred-percent-fullwidth non-hundred-percent-height-scrolling\" style=\"--awb-border-radius-top-left:0px;--awb-border-radius-top-right:0px;--awb-border-radius-bottom-right:0px;--awb-border-radius-bottom-left:0px;--awb-flex-wrap:wrap;\" ><div class=\"fusion-builder-row fusion-row fusion-flex-align-items-flex-start fusion-flex-content-wrap\" style=\"max-width:1248px;margin-left: calc(-4% \/ 2 );margin-right: calc(-4% \/ 2 );\"><div class=\"fusion-layout-column fusion_builder_column fusion-builder-column-1 fusion_builder_column_1_1 1_1 fusion-flex-column\" style=\"--awb-bg-size:cover;--awb-width-large:100%;--awb-margin-top-large:20px;--awb-spacing-right-large:1.92%;--awb-margin-bottom-large:20px;--awb-spacing-left-large:1.92%;--awb-width-medium:100%;--awb-order-medium:0;--awb-spacing-right-medium:1.92%;--awb-spacing-left-medium:1.92%;--awb-width-small:100%;--awb-order-small:0;--awb-spacing-right-small:1.92%;--awb-spacing-left-small:1.92%;\"><div class=\"fusion-column-wrapper fusion-column-has-shadow fusion-flex-justify-content-flex-start fusion-content-layout-column\"><div class=\"fusion-text fusion-text-3\"><p>Nuestra oficina est\u00e1 situada en el coraz\u00f3n de <a href=\"https:\/\/www.westonfl.org\/\">la ciudad de Weston<\/a>, en el <a href=\"https:\/\/www.westonsurgery.com\/our-office.html\">Weston Town Center<\/a>, justo encima del restaurante <a href=\"https:\/\/mypanna.com\/locations\/weston-town-center\/\">Panna<\/a>, en la 2\u00aa planta. Accedes a nuestras suites cerca del restaurante <a href=\"https:\/\/www.grazianosgroup.com\/\">Graziano&#8217;s<\/a>. <em data-start=\"650\" data-end=\"672\">\u00bfNo est\u00e1s en estas ciudades?<\/em> No hay problema. Programa una <strong data-start=\"696\" data-end=\"730\">consulta virtual gratuita de 30 minutos<\/strong> y comprueba c\u00f3mo nuestros galardonados contables pueden agilizar tus finanzas est\u00e9s donde est\u00e9s en EE.UU.<\/p>\n<\/div><\/div><\/div><div class=\"fusion-layout-column fusion_builder_column fusion-builder-column-2 fusion_builder_column_1_2 1_2 fusion-flex-column\" style=\"--awb-bg-size:cover;--awb-width-large:50%;--awb-margin-top-large:20px;--awb-spacing-right-large:3.84%;--awb-margin-bottom-large:20px;--awb-spacing-left-large:3.84%;--awb-width-medium:50%;--awb-order-medium:0;--awb-spacing-right-medium:3.84%;--awb-spacing-left-medium:3.84%;--awb-width-small:100%;--awb-order-small:0;--awb-spacing-right-small:1.92%;--awb-spacing-left-small:1.92%;\"><div class=\"fusion-column-wrapper fusion-column-has-shadow fusion-flex-justify-content-flex-start fusion-content-layout-column\"><div class=\"fusion-content-boxes content-boxes columns row fusion-columns-1 fusion-columns-total-3 fusion-content-boxes-1 content-boxes-icon-with-title content-left\" style=\"--awb-hover-accent-color:var(--awb-color7);--awb-circle-hover-accent-color:transparent;--awb-item-margin-bottom:40px;\" data-animationOffset=\"top-into-view\"><div style=\"--awb-backgroundcolor:rgba(255,255,255,0);\" class=\"fusion-column content-box-column content-box-column content-box-column-1 col-lg-12 col-md-12 col-sm-12 fusion-content-box-hover content-box-column-last-in-row\"><div class=\"col content-box-wrapper content-wrapper link-area-link-icon content-icon-wrapper-yes icon-hover-animation-fade\" data-animationOffset=\"top-into-view\"><div class=\"heading heading-with-icon icon-left\"><div class=\"icon\"><span ><i style=\"background-color:transparent;border-color:transparent;height:auto;width: 32px;line-height:normal;font-size:32px;\" aria-hidden=\"true\" class=\"fontawesome-icon fa-map-marker-alt fas circle-no\"><\/i><\/span><\/div><h2 class=\"content-box-heading fusion-responsive-typography-calculated\" style=\"--h2_typography-font-size:24px;--fontSize:24;line-height:1.2;\">Oficina<\/h2><\/div><div class=\"fusion-clearfix\"><\/div><div class=\"content-container\">\n<p>1725 Main St, Suite 221, Weston, FL 33326<\/p>\n<\/div><\/div><\/div><div style=\"--awb-backgroundcolor:rgba(255,255,255,0);\" class=\"fusion-column content-box-column content-box-column content-box-column-2 col-lg-12 col-md-12 col-sm-12 fusion-content-box-hover content-box-column-last-in-row\"><div class=\"col content-box-wrapper content-wrapper link-area-link-icon content-icon-wrapper-yes icon-hover-animation-fade\" data-animationOffset=\"top-into-view\"><div class=\"heading heading-with-icon icon-left\"><div class=\"icon\"><span ><i style=\"background-color:transparent;border-color:transparent;height:auto;width: 32px;line-height:normal;font-size:32px;\" aria-hidden=\"true\" class=\"fontawesome-icon fa-phone-alt fas circle-no\"><\/i><\/span><\/div><h2 class=\"content-box-heading fusion-responsive-typography-calculated\" style=\"--h2_typography-font-size:24px;--fontSize:24;line-height:1.2;\">Tel\u00e9fono<\/h2><\/div><div class=\"fusion-clearfix\"><\/div><div class=\"content-container\">\n<p>(305) 605-1040<\/p>\n<\/div><\/div><\/div><div style=\"--awb-backgroundcolor:rgba(255,255,255,0);\" class=\"fusion-column content-box-column content-box-column content-box-column-3 col-lg-12 col-md-12 col-sm-12 fusion-content-box-hover content-box-column-last content-box-column-last-in-row\"><div class=\"col content-box-wrapper content-wrapper link-area-link-icon content-icon-wrapper-yes icon-hover-animation-fade\" data-animationOffset=\"top-into-view\"><div class=\"heading heading-with-icon icon-left\"><div class=\"icon\"><span ><i style=\"background-color:transparent;border-color:transparent;height:auto;width: 32px;line-height:normal;font-size:32px;\" aria-hidden=\"true\" class=\"fontawesome-icon fa-envelope fas circle-no\"><\/i><\/span><\/div><h2 class=\"content-box-heading fusion-responsive-typography-calculated\" style=\"--h2_typography-font-size:24px;--fontSize:24;line-height:1.2;\">Env\u00eda un correo electr\u00f3nico a<\/h2><\/div><div class=\"fusion-clearfix\"><\/div><div class=\"content-container\">\n<p><img decoding=\"async\" class=\"lazyload alignnone wp-image-505\" src=\"data:image\/svg+xml,%3Csvg%20xmlns%3D%27http%3A%2F%2Fwww.w3.org%2F2000%2Fsvg%27%20width%3D%27142%27%20height%3D%2717%27%20viewBox%3D%270%200%20142%2017%27%3E%3Crect%20width%3D%27142%27%20height%3D%2717%27%20fill-opacity%3D%220%22%2F%3E%3C%2Fsvg%3E\" data-orig-src=\"\/wp-content\/uploads\/2023\/07\/info_email.png\" alt=\"\" width=\"142\" height=\"17\"><\/p>\n<\/div><\/div><\/div><div class=\"fusion-clearfix\"><\/div><\/div><\/div><\/div><div class=\"fusion-layout-column fusion_builder_column fusion-builder-column-3 fusion_builder_column_1_2 1_2 fusion-flex-column\" style=\"--awb-bg-size:cover;--awb-width-large:50%;--awb-margin-top-large:20px;--awb-spacing-right-large:3.84%;--awb-margin-bottom-large:20px;--awb-spacing-left-large:3.84%;--awb-width-medium:50%;--awb-order-medium:0;--awb-spacing-right-medium:3.84%;--awb-spacing-left-medium:3.84%;--awb-width-small:100%;--awb-order-small:0;--awb-spacing-right-small:1.92%;--awb-spacing-left-small:1.92%;\"><div class=\"fusion-column-wrapper fusion-column-has-shadow fusion-flex-justify-content-flex-start fusion-content-layout-column\"><div class=\"fusion-text fusion-text-4\"><p><iframe class=\"lazyload\" style=\"border: 0;\" src=\"data:image\/svg+xml,%3Csvg%20xmlns%3D%27http%3A%2F%2Fwww.w3.org%2F2000%2Fsvg%27%20width%3D%27600%27%20height%3D%27440%27%20viewBox%3D%270%200%20600%20440%27%3E%3Crect%20width%3D%27600%27%20height%3D%27440%27%20fill-opacity%3D%220%22%2F%3E%3C%2Fsvg%3E\" data-orig-src=\"https:\/\/www.google.com\/maps\/embed?pb=!1m18!1m12!1m3!1d3583.046352640346!2d-80.38624721822062!3d26.097405535734655!2m3!1f0!2f0!3f0!3m2!1i1024!2i768!4f13.1!3m3!1m2!1s0x88d9a1f4de6b03ed%3A0x19dfeb30f9a669f1!2sAccountit%2C%20CPA!5e0!3m2!1sen!2sus!4v1730578998000!5m2!1sen!2sus\" width=\"600\" height=\"440\" allowfullscreen=\"allowfullscreen\"><span data-mce-type=\"bookmark\" style=\"display: inline-block; width: 0px; overflow: hidden; line-height: 0;\" class=\"mce_SELRES_start\"><\/span><span data-mce-type=\"bookmark\" style=\"display: inline-block; width: 0px; overflow: hidden; line-height: 0;\" class=\"mce_SELRES_start\"><\/span><\/iframe><\/p>\n<\/div><\/div><\/div><\/div><\/div><\/p>\n","protected":false},"excerpt":{"rendered":"","protected":false},"author":2,"featured_media":0,"parent":0,"menu_order":0,"comment_status":"closed","ping_status":"closed","template":"100-width.php","meta":{"_monsterinsights_skip_tracking":false,"_monsterinsights_sitenote_active":false,"_monsterinsights_sitenote_note":"","_monsterinsights_sitenote_category":0,"_uf_show_specific_survey":0,"_uf_disable_surveys":false,"footnotes":""},"class_list":["post-3696","page","type-page","status-publish","hentry"],"yoast_head":"<!-- This site is optimized with the Yoast SEO Premium plugin v24.3 (Yoast SEO v26.8) - https:\/\/yoast.com\/product\/yoast-seo-premium-wordpress\/ -->\n<title>Trusted CPA in Weston<\/title>\n<meta name=\"description\" content=\"Accountit CPA presta servicios en Weston, Miami, Broward y Palm Beach, adem\u00e1s de a clientes de todo el pa\u00eds, con preparaci\u00f3n de impuestos, contabilidad y CFO virtual. Consulta gratuita.\" \/>\n<meta name=\"robots\" content=\"index, follow, max-snippet:-1, max-image-preview:large, max-video-preview:-1\" \/>\n<link rel=\"canonical\" href=\"https:\/\/accountit.com\/es\/areas-de-servicio-cpa-fiscalidad-y-contabilidad-en-el-sur-de-florida-contabilidad\/\" \/>\n<meta property=\"og:locale\" content=\"es_ES\" \/>\n<meta property=\"og:type\" content=\"article\" \/>\n<meta property=\"og:title\" content=\"\u00c1reas de Servicio CPA | Fiscalidad y Contabilidad en el Sur de Florida | Contabilidad\" \/>\n<meta property=\"og:description\" content=\"Accountit CPA presta servicios en Weston, Miami, Broward y Palm Beach, adem\u00e1s de a clientes de todo el pa\u00eds, con preparaci\u00f3n de impuestos, contabilidad y CFO virtual. Consulta gratuita.\" \/>\n<meta property=\"og:url\" content=\"https:\/\/accountit.com\/es\/areas-de-servicio-cpa-fiscalidad-y-contabilidad-en-el-sur-de-florida-contabilidad\/\" \/>\n<meta property=\"og:site_name\" content=\"Trusted CPA in Weston\" \/>\n<meta property=\"article:publisher\" content=\"https:\/\/www.facebook.com\/accountitcpa\" \/>\n<meta property=\"article:modified_time\" content=\"2025-07-28T23:22:49+00:00\" \/>\n<meta property=\"og:image\" content=\"https:\/\/accountit.com\/wp-content\/uploads\/2023\/07\/cropped-cropped-favicon-01.png\" \/>\n\t<meta property=\"og:image:width\" content=\"512\" \/>\n\t<meta property=\"og:image:height\" content=\"512\" \/>\n\t<meta property=\"og:image:type\" content=\"image\/png\" \/>\n<meta name=\"twitter:card\" content=\"summary_large_image\" \/>\n<meta name=\"twitter:site\" content=\"@acctitcpa\" \/>\n<meta name=\"twitter:label1\" content=\"Tiempo de lectura\" \/>\n\t<meta name=\"twitter:data1\" content=\"16 minutos\" \/>\n<script type=\"application\/ld+json\" class=\"yoast-schema-graph\">{\"@context\":\"https:\/\/schema.org\",\"@graph\":[{\"@type\":\"WebPage\",\"@id\":\"https:\/\/accountit.com\/es\/areas-de-servicio-cpa-fiscalidad-y-contabilidad-en-el-sur-de-florida-contabilidad\/\",\"url\":\"https:\/\/accountit.com\/es\/areas-de-servicio-cpa-fiscalidad-y-contabilidad-en-el-sur-de-florida-contabilidad\/\",\"name\":\"\",\"isPartOf\":{\"@id\":\"https:\/\/accountit.com\/es\/#website\"},\"datePublished\":\"2023-08-16T22:14:03+00:00\",\"dateModified\":\"2025-07-28T23:22:49+00:00\",\"description\":\"Accountit CPA presta servicios en Weston, Miami, Broward y Palm Beach, adem\u00e1s de a clientes de todo el pa\u00eds, con preparaci\u00f3n de impuestos, contabilidad y CFO virtual. Consulta gratuita.\",\"breadcrumb\":{\"@id\":\"https:\/\/accountit.com\/es\/areas-de-servicio-cpa-fiscalidad-y-contabilidad-en-el-sur-de-florida-contabilidad\/#breadcrumb\"},\"inLanguage\":\"es\",\"potentialAction\":[{\"@type\":\"ReadAction\",\"target\":[\"https:\/\/accountit.com\/es\/areas-de-servicio-cpa-fiscalidad-y-contabilidad-en-el-sur-de-florida-contabilidad\/\"]}]},{\"@type\":\"BreadcrumbList\",\"@id\":\"https:\/\/accountit.com\/es\/areas-de-servicio-cpa-fiscalidad-y-contabilidad-en-el-sur-de-florida-contabilidad\/#breadcrumb\",\"itemListElement\":[{\"@type\":\"ListItem\",\"position\":1,\"name\":\"Inicio\",\"item\":\"https:\/\/accountit.com\/es\/cpa-de-confianza-en-weston-fl\/\"},{\"@type\":\"ListItem\",\"position\":2,\"name\":\"\u00c1reas de Servicio CPA | Fiscalidad y Contabilidad en el Sur de Florida | Contabilidad\"}]},{\"@type\":\"WebSite\",\"@id\":\"https:\/\/accountit.com\/es\/#website\",\"url\":\"https:\/\/accountit.com\/es\/\",\"name\":\"Trusted CPA in Weston, FL\",\"description\":\"Trusted Tax, Accounting &amp; Virtual CFO Services in Weston, FL\",\"publisher\":{\"@id\":\"https:\/\/accountit.com\/es\/#organization\"},\"alternateName\":\"Accountit CPA\",\"potentialAction\":[{\"@type\":\"SearchAction\",\"target\":{\"@type\":\"EntryPoint\",\"urlTemplate\":\"https:\/\/accountit.com\/es\/?s={search_term_string}\"},\"query-input\":{\"@type\":\"PropertyValueSpecification\",\"valueRequired\":true,\"valueName\":\"search_term_string\"}}],\"inLanguage\":\"es\"},{\"@type\":\"Organization\",\"@id\":\"https:\/\/accountit.com\/es\/#organization\",\"name\":\"Contable, CPA\",\"alternateName\":\"Contable, CPA\",\"url\":\"https:\/\/accountit.com\/es\/\",\"logo\":{\"@type\":\"ImageObject\",\"inLanguage\":\"es\",\"@id\":\"https:\/\/accountit.com\/es\/#\/schema\/logo\/image\/\",\"url\":\"https:\/\/accountit.com\/wp-content\/uploads\/2023\/07\/cropped-cropped-favicon-01.png\",\"contentUrl\":\"https:\/\/accountit.com\/wp-content\/uploads\/2023\/07\/cropped-cropped-favicon-01.png\",\"width\":512,\"height\":512,\"caption\":\"Contable, CPA\"},\"image\":{\"@id\":\"https:\/\/accountit.com\/es\/#\/schema\/logo\/image\/\"},\"sameAs\":[\"https:\/\/www.facebook.com\/accountitcpa\",\"https:\/\/x.com\/acctitcpa\",\"https:\/\/www.linkedin.com\/company\/accountit\/\",\"https:\/\/www.instagram.com\/accountitcpa\/\"]}]}<\/script>\n<!-- \/ Yoast SEO Premium plugin. -->","yoast_head_json":{"title":"Trusted CPA in Weston","description":"Accountit CPA presta servicios en Weston, Miami, Broward y Palm Beach, adem\u00e1s de a clientes de todo el pa\u00eds, con preparaci\u00f3n de impuestos, contabilidad y CFO virtual. Consulta gratuita.","robots":{"index":"index","follow":"follow","max-snippet":"max-snippet:-1","max-image-preview":"max-image-preview:large","max-video-preview":"max-video-preview:-1"},"canonical":"https:\/\/accountit.com\/es\/areas-de-servicio-cpa-fiscalidad-y-contabilidad-en-el-sur-de-florida-contabilidad\/","og_locale":"es_ES","og_type":"article","og_title":"\u00c1reas de Servicio CPA | Fiscalidad y Contabilidad en el Sur de Florida | Contabilidad","og_description":"Accountit CPA presta servicios en Weston, Miami, Broward y Palm Beach, adem\u00e1s de a clientes de todo el pa\u00eds, con preparaci\u00f3n de impuestos, contabilidad y CFO virtual. Consulta gratuita.","og_url":"https:\/\/accountit.com\/es\/areas-de-servicio-cpa-fiscalidad-y-contabilidad-en-el-sur-de-florida-contabilidad\/","og_site_name":"Trusted CPA in Weston","article_publisher":"https:\/\/www.facebook.com\/accountitcpa","article_modified_time":"2025-07-28T23:22:49+00:00","og_image":[{"width":512,"height":512,"url":"https:\/\/accountit.com\/wp-content\/uploads\/2023\/07\/cropped-cropped-favicon-01.png","type":"image\/png"}],"twitter_card":"summary_large_image","twitter_site":"@acctitcpa","twitter_misc":{"Tiempo de lectura":"16 minutos"},"schema":{"@context":"https:\/\/schema.org","@graph":[{"@type":"WebPage","@id":"https:\/\/accountit.com\/es\/areas-de-servicio-cpa-fiscalidad-y-contabilidad-en-el-sur-de-florida-contabilidad\/","url":"https:\/\/accountit.com\/es\/areas-de-servicio-cpa-fiscalidad-y-contabilidad-en-el-sur-de-florida-contabilidad\/","name":"","isPartOf":{"@id":"https:\/\/accountit.com\/es\/#website"},"datePublished":"2023-08-16T22:14:03+00:00","dateModified":"2025-07-28T23:22:49+00:00","description":"Accountit CPA presta servicios en Weston, Miami, Broward y Palm Beach, adem\u00e1s de a clientes de todo el pa\u00eds, con preparaci\u00f3n de impuestos, contabilidad y CFO virtual. Consulta gratuita.","breadcrumb":{"@id":"https:\/\/accountit.com\/es\/areas-de-servicio-cpa-fiscalidad-y-contabilidad-en-el-sur-de-florida-contabilidad\/#breadcrumb"},"inLanguage":"es","potentialAction":[{"@type":"ReadAction","target":["https:\/\/accountit.com\/es\/areas-de-servicio-cpa-fiscalidad-y-contabilidad-en-el-sur-de-florida-contabilidad\/"]}]},{"@type":"BreadcrumbList","@id":"https:\/\/accountit.com\/es\/areas-de-servicio-cpa-fiscalidad-y-contabilidad-en-el-sur-de-florida-contabilidad\/#breadcrumb","itemListElement":[{"@type":"ListItem","position":1,"name":"Inicio","item":"https:\/\/accountit.com\/es\/cpa-de-confianza-en-weston-fl\/"},{"@type":"ListItem","position":2,"name":"\u00c1reas de Servicio CPA | Fiscalidad y Contabilidad en el Sur de Florida | Contabilidad"}]},{"@type":"WebSite","@id":"https:\/\/accountit.com\/es\/#website","url":"https:\/\/accountit.com\/es\/","name":"Trusted CPA in Weston, FL","description":"Trusted Tax, Accounting &amp; Virtual CFO Services in Weston, FL","publisher":{"@id":"https:\/\/accountit.com\/es\/#organization"},"alternateName":"Accountit CPA","potentialAction":[{"@type":"SearchAction","target":{"@type":"EntryPoint","urlTemplate":"https:\/\/accountit.com\/es\/?s={search_term_string}"},"query-input":{"@type":"PropertyValueSpecification","valueRequired":true,"valueName":"search_term_string"}}],"inLanguage":"es"},{"@type":"Organization","@id":"https:\/\/accountit.com\/es\/#organization","name":"Contable, CPA","alternateName":"Contable, CPA","url":"https:\/\/accountit.com\/es\/","logo":{"@type":"ImageObject","inLanguage":"es","@id":"https:\/\/accountit.com\/es\/#\/schema\/logo\/image\/","url":"https:\/\/accountit.com\/wp-content\/uploads\/2023\/07\/cropped-cropped-favicon-01.png","contentUrl":"https:\/\/accountit.com\/wp-content\/uploads\/2023\/07\/cropped-cropped-favicon-01.png","width":512,"height":512,"caption":"Contable, CPA"},"image":{"@id":"https:\/\/accountit.com\/es\/#\/schema\/logo\/image\/"},"sameAs":["https:\/\/www.facebook.com\/accountitcpa","https:\/\/x.com\/acctitcpa","https:\/\/www.linkedin.com\/company\/accountit\/","https:\/\/www.instagram.com\/accountitcpa\/"]}]}},"_links":{"self":[{"href":"https:\/\/accountit.com\/es\/wp-json\/wp\/v2\/pages\/3696","targetHints":{"allow":["GET"]}}],"collection":[{"href":"https:\/\/accountit.com\/es\/wp-json\/wp\/v2\/pages"}],"about":[{"href":"https:\/\/accountit.com\/es\/wp-json\/wp\/v2\/types\/page"}],"author":[{"embeddable":true,"href":"https:\/\/accountit.com\/es\/wp-json\/wp\/v2\/users\/2"}],"replies":[{"embeddable":true,"href":"https:\/\/accountit.com\/es\/wp-json\/wp\/v2\/comments?post=3696"}],"version-history":[{"count":3,"href":"https:\/\/accountit.com\/es\/wp-json\/wp\/v2\/pages\/3696\/revisions"}],"predecessor-version":[{"id":3892,"href":"https:\/\/accountit.com\/es\/wp-json\/wp\/v2\/pages\/3696\/revisions\/3892"}],"wp:attachment":[{"href":"https:\/\/accountit.com\/es\/wp-json\/wp\/v2\/media?parent=3696"}],"curies":[{"name":"wp","href":"https:\/\/api.w.org\/{rel}","templated":true}]}}