{"id":3693,"date":"2023-06-28T17:12:19","date_gmt":"2023-06-28T21:12:19","guid":{"rendered":"https:\/\/accountit.com\/servicios-contables-y-fiscales\/preparacion-de-impuestos-en-weston-fl\/paquete-de-servicios-fiscales\/"},"modified":"2025-07-28T19:22:48","modified_gmt":"2025-07-28T23:22:48","slug":"paquete-de-servicios-fiscales","status":"publish","type":"page","link":"https:\/\/accountit.com\/es\/servicios-contables-y-fiscales\/preparacion-de-impuestos-en-weston-fl\/paquete-de-servicios-fiscales\/","title":{"rendered":"Paquete de servicios fiscales"},"content":{"rendered":"<p><div class=\"fusion-fullwidth fullwidth-box fusion-builder-row-1 fusion-flex-container has-pattern-background has-mask-background nonhundred-percent-fullwidth non-hundred-percent-height-scrolling\" style=\"--awb-border-radius-top-left:0px;--awb-border-radius-top-right:0px;--awb-border-radius-bottom-right:0px;--awb-border-radius-bottom-left:0px;--awb-flex-wrap:wrap;\" ><div class=\"fusion-builder-row fusion-row fusion-flex-align-items-flex-start fusion-flex-content-wrap\" style=\"max-width:1248px;margin-left: calc(-4% \/ 2 );margin-right: calc(-4% \/ 2 );\"><div class=\"fusion-layout-column fusion_builder_column fusion-builder-column-0 fusion_builder_column_1_1 1_1 fusion-flex-column\" style=\"--awb-bg-size:cover;--awb-width-large:100%;--awb-margin-top-large:20px;--awb-spacing-right-large:1.92%;--awb-margin-bottom-large:20px;--awb-spacing-left-large:1.92%;--awb-width-medium:100%;--awb-order-medium:0;--awb-spacing-right-medium:1.92%;--awb-spacing-left-medium:1.92%;--awb-width-small:100%;--awb-order-small:0;--awb-spacing-right-small:1.92%;--awb-spacing-left-small:1.92%;\"><div class=\"fusion-column-wrapper fusion-column-has-shadow fusion-flex-justify-content-flex-start fusion-content-layout-column\"><div class=\"fusion-text fusion-text-1\"><p><strong>Simplifica tu temporada de impuestos con nuestro paquete personalizado de servicios fiscales<\/strong><\/p>\n<p>En <a href=\"https:\/\/accountit.com\/es\/\">Accountit, CPA<\/a>, aqu\u00ed en Weston, Florida, entendemos que la temporada de impuestos puede ser abrumadora. Por eso hemos elaborado un completo Paquete de Servicios Fiscales dise\u00f1ado para agilizar el proceso y maximizar tus devoluciones. Tanto si eres propietario de una peque\u00f1a empresa como si eres un particular, nuestro enfoque personalizado garantiza que cada detalle se gestione con precisi\u00f3n.  <\/p>\n<p><strong>\u00bfPor qu\u00e9 elegir nuestro paquete de servicios fiscales?<\/strong><\/p>\n<ul>\n<li><strong>Preparaci\u00f3n de impuestos sin estr\u00e9s:<\/strong> D\u00e9janos las complejidades a nosotros. Desde la recopilaci\u00f3n de documentos hasta la presentaci\u00f3n de las declaraciones, nos encargamos de todo. <\/li>\n<li><strong>Estrategias personalizadas:<\/strong> Tus objetivos financieros son \u00fanicos. Nuestros expertos fiscales proporcionan asesoramiento personalizado para ayudar a reducir las obligaciones y optimizar el ahorro fiscal. <\/li>\n<li><strong>Precios transparentes:<\/strong> Conoce exactamente lo que pagas con precios claros y por adelantado. Sin sorpresas, s\u00f3lo tranquilidad. <\/li>\n<\/ul>\n<p>\u00bfListo para transformar tu experiencia fiscal? Deja que Accountit, CPA haga que esta temporada de impuestos sea la m\u00e1s tranquila de tu vida. Ven a tomar un caf\u00e9 con nosotros a Graziano&#8217;s, Weston, Florida, hoy mismo, \u00a1y empecemos a asegurar tu \u00e9xito financiero!<\/p>\n<\/div><\/div><\/div><div class=\"fusion-layout-column fusion_builder_column fusion-builder-column-1 fusion_builder_column_1_1 1_1 fusion-flex-column\" style=\"--awb-bg-size:cover;--awb-width-large:100%;--awb-margin-top-large:20px;--awb-spacing-right-large:1.92%;--awb-margin-bottom-large:20px;--awb-spacing-left-large:1.92%;--awb-width-medium:100%;--awb-order-medium:0;--awb-spacing-right-medium:1.92%;--awb-spacing-left-medium:1.92%;--awb-width-small:100%;--awb-order-small:0;--awb-spacing-right-small:1.92%;--awb-spacing-left-small:1.92%;\"><div class=\"fusion-column-wrapper fusion-column-has-shadow fusion-flex-justify-content-flex-start fusion-content-layout-column\">\n<div class=\"table-1 table-style\">\n<table width=\"100%\">\n<thead>\n<tr>\n<th style=\"width: 50%; font-weight: bold; background-color: #023a51; color: #ffffff;\" align=\"left\">Lista de control de los servicios fiscales<\/th>\n<th style=\"font-weight: bold; background-color: #023a51; color: #ffffff;\" align=\"left\">Est\u00e1ndar<\/th>\n<th style=\"font-weight: bold; background-color: #023a51; color: #ffffff;\" align=\"left\">Esencial<\/th>\n<\/tr>\n<\/thead>\n<tbody>\n<tr>\n<td align=\"left\">Preparaci\u00f3n y presentaci\u00f3n de las declaraciones fiscales de EE.UU. y del Estado<\/td>\n<td align=\"left\">S\u00ed<\/td>\n<td align=\"left\">S\u00ed<\/td>\n<\/tr>\n<tr>\n<td align=\"left\">Acceso al bolet\u00edn trimestral de ahorro fiscal y a los v\u00eddeos<\/td>\n<td align=\"left\">S\u00ed<\/td>\n<td align=\"left\">S\u00ed<\/td>\n<\/tr>\n<tr>\n<td align=\"left\">Revisi\u00f3n de<a href=\"https:\/\/www.irs.gov\/filing\/individuals\/how-to-file\">la declaraci\u00f3n de la renta<\/a> <\/td>\n<td align=\"left\">Reuni\u00f3n virtual v\u00eda Zoom<\/td>\n<td align=\"left\">Reuni\u00f3n virtual v\u00eda Zoom<\/td>\n<\/tr>\n<tr>\n<td align=\"left\">Estimaciones fiscales trimestrales personalizadas<\/td>\n<td align=\"left\">Puerto Seguro<\/td>\n<td align=\"left\">Ingresos reales<\/td>\n<\/tr>\n<tr>\n<td align=\"left\"><a href=\"https:\/\/www.irs.gov\/filing\/get-an-extension-to-file-your-tax-return\">Pr\u00f3rrogas de presentaci\u00f3n<\/a><\/td>\n<td align=\"left\">Incluido<\/td>\n<td align=\"left\">Incluido<\/td>\n<\/tr>\n<tr>\n<td align=\"left\">Convocatorias de estrategia fiscal<\/td>\n<td align=\"left\">Anualmente<\/td>\n<td align=\"left\">Trimestralmente<\/td>\n<\/tr>\n<tr>\n<td align=\"left\">Recordatorios trimestrales de estimaci\u00f3n de impuestos por correo electr\u00f3nico<\/td>\n<td align=\"left\"><\/td>\n<td align=\"left\">S\u00ed<\/td>\n<\/tr>\n<tr>\n<td align=\"left\">Revisa todas las cartas recibidas de Hacienda\/Estado<\/td>\n<td align=\"left\"><\/td>\n<td align=\"left\">S\u00ed<\/td>\n<\/tr>\n<tr>\n<td align=\"left\">Dirigir cartas de Hacienda y del Estado *(se aplica una tarifa adicional)<\/td>\n<td align=\"left\">S\u00ed<\/td>\n<td align=\"left\">S\u00ed<\/td>\n<\/tr>\n<\/tbody>\n<\/table>\n<\/div>\n<\/div><\/div><\/div><\/div><div class=\"fusion-fullwidth fullwidth-box fusion-builder-row-2 fusion-flex-container has-pattern-background has-mask-background nonhundred-percent-fullwidth non-hundred-percent-height-scrolling\" style=\"--awb-border-radius-top-left:0px;--awb-border-radius-top-right:0px;--awb-border-radius-bottom-right:0px;--awb-border-radius-bottom-left:0px;--awb-flex-wrap:wrap;\" ><div class=\"fusion-builder-row fusion-row fusion-flex-align-items-flex-start fusion-flex-content-wrap\" style=\"max-width:1248px;margin-left: calc(-4% \/ 2 );margin-right: calc(-4% \/ 2 );\"><\/div><\/div><\/p>\n","protected":false},"excerpt":{"rendered":"","protected":false},"author":2,"featured_media":0,"parent":3675,"menu_order":0,"comment_status":"closed","ping_status":"closed","template":"","meta":{"_monsterinsights_skip_tracking":false,"_monsterinsights_sitenote_active":false,"_monsterinsights_sitenote_note":"","_monsterinsights_sitenote_category":0,"_uf_show_specific_survey":0,"_uf_disable_surveys":false,"footnotes":""},"class_list":["post-3693","page","type-page","status-publish","hentry"],"yoast_head":"<!-- This site is optimized with the Yoast SEO Premium plugin v24.3 (Yoast SEO v26.8) - https:\/\/yoast.com\/product\/yoast-seo-premium-wordpress\/ -->\n<title>Paquete de servicios fiscales - Trusted CPA in Weston<\/title>\n<meta name=\"description\" content=\"Paquete integral de servicios fiscales por CPA de Miami, Ft. Lauderdale y Palm Beach. Simplifica tus impuestos y optimiza tus beneficios financieros.\" \/>\n<meta name=\"robots\" content=\"index, follow, max-snippet:-1, max-image-preview:large, max-video-preview:-1\" \/>\n<link rel=\"canonical\" href=\"https:\/\/accountit.com\/es\/servicios-contables-y-fiscales\/preparacion-de-impuestos-en-weston-fl\/paquete-de-servicios-fiscales\/\" \/>\n<meta property=\"og:locale\" content=\"es_ES\" \/>\n<meta property=\"og:type\" content=\"article\" \/>\n<meta property=\"og:title\" content=\"Paquete de servicios fiscales\" \/>\n<meta property=\"og:description\" content=\"Paquete integral de servicios fiscales por CPA de Miami, Ft. Lauderdale y Palm Beach. Simplifica tus impuestos y optimiza tus beneficios financieros.\" \/>\n<meta property=\"og:url\" content=\"https:\/\/accountit.com\/es\/servicios-contables-y-fiscales\/preparacion-de-impuestos-en-weston-fl\/paquete-de-servicios-fiscales\/\" \/>\n<meta property=\"og:site_name\" content=\"Trusted CPA in Weston\" \/>\n<meta property=\"article:publisher\" content=\"https:\/\/www.facebook.com\/accountitcpa\" \/>\n<meta property=\"article:modified_time\" content=\"2025-07-28T23:22:48+00:00\" \/>\n<meta property=\"og:image\" content=\"https:\/\/accountit.com\/wp-content\/uploads\/2023\/07\/cropped-cropped-favicon-01.png\" \/>\n\t<meta property=\"og:image:width\" content=\"512\" \/>\n\t<meta property=\"og:image:height\" content=\"512\" \/>\n\t<meta property=\"og:image:type\" content=\"image\/png\" \/>\n<meta name=\"twitter:card\" content=\"summary_large_image\" \/>\n<meta name=\"twitter:site\" content=\"@acctitcpa\" \/>\n<meta name=\"twitter:label1\" content=\"Tiempo de lectura\" \/>\n\t<meta name=\"twitter:data1\" content=\"8 minutos\" \/>\n<script type=\"application\/ld+json\" class=\"yoast-schema-graph\">{\"@context\":\"https:\/\/schema.org\",\"@graph\":[{\"@type\":\"WebPage\",\"@id\":\"https:\/\/accountit.com\/es\/servicios-contables-y-fiscales\/preparacion-de-impuestos-en-weston-fl\/paquete-de-servicios-fiscales\/\",\"url\":\"https:\/\/accountit.com\/es\/servicios-contables-y-fiscales\/preparacion-de-impuestos-en-weston-fl\/paquete-de-servicios-fiscales\/\",\"name\":\"Paquete de servicios fiscales - Trusted CPA in Weston\",\"isPartOf\":{\"@id\":\"https:\/\/accountit.com\/es\/#website\"},\"datePublished\":\"2023-06-28T21:12:19+00:00\",\"dateModified\":\"2025-07-28T23:22:48+00:00\",\"description\":\"Paquete integral de servicios fiscales por CPA de Miami, Ft. Lauderdale y Palm Beach. Simplifica tus impuestos y optimiza tus beneficios financieros.\",\"breadcrumb\":{\"@id\":\"https:\/\/accountit.com\/es\/servicios-contables-y-fiscales\/preparacion-de-impuestos-en-weston-fl\/paquete-de-servicios-fiscales\/#breadcrumb\"},\"inLanguage\":\"es\",\"potentialAction\":[{\"@type\":\"ReadAction\",\"target\":[\"https:\/\/accountit.com\/es\/servicios-contables-y-fiscales\/preparacion-de-impuestos-en-weston-fl\/paquete-de-servicios-fiscales\/\"]}]},{\"@type\":\"BreadcrumbList\",\"@id\":\"https:\/\/accountit.com\/es\/servicios-contables-y-fiscales\/preparacion-de-impuestos-en-weston-fl\/paquete-de-servicios-fiscales\/#breadcrumb\",\"itemListElement\":[{\"@type\":\"ListItem\",\"position\":1,\"name\":\"Inicio\",\"item\":\"https:\/\/accountit.com\/es\/cpa-de-confianza-en-weston-fl\/\"},{\"@type\":\"ListItem\",\"position\":2,\"name\":\"Servicios contables y fiscales\",\"item\":\"https:\/\/accountit.com\/es\/servicios-contables-y-fiscales\/\"},{\"@type\":\"ListItem\",\"position\":3,\"name\":\"Preparaci\u00f3n de Impuestos en Weston, FL\",\"item\":\"https:\/\/accountit.com\/es\/servicios-contables-y-fiscales\/preparacion-de-impuestos-en-weston-fl\/\"},{\"@type\":\"ListItem\",\"position\":4,\"name\":\"Paquete de servicios fiscales\"}]},{\"@type\":\"WebSite\",\"@id\":\"https:\/\/accountit.com\/es\/#website\",\"url\":\"https:\/\/accountit.com\/es\/\",\"name\":\"Trusted CPA in Weston, FL\",\"description\":\"Trusted Tax, Accounting &amp; Virtual CFO Services in Weston, FL\",\"publisher\":{\"@id\":\"https:\/\/accountit.com\/es\/#organization\"},\"alternateName\":\"Accountit CPA\",\"potentialAction\":[{\"@type\":\"SearchAction\",\"target\":{\"@type\":\"EntryPoint\",\"urlTemplate\":\"https:\/\/accountit.com\/es\/?s={search_term_string}\"},\"query-input\":{\"@type\":\"PropertyValueSpecification\",\"valueRequired\":true,\"valueName\":\"search_term_string\"}}],\"inLanguage\":\"es\"},{\"@type\":\"Organization\",\"@id\":\"https:\/\/accountit.com\/es\/#organization\",\"name\":\"Contable, CPA\",\"alternateName\":\"Contable, CPA\",\"url\":\"https:\/\/accountit.com\/es\/\",\"logo\":{\"@type\":\"ImageObject\",\"inLanguage\":\"es\",\"@id\":\"https:\/\/accountit.com\/es\/#\/schema\/logo\/image\/\",\"url\":\"https:\/\/accountit.com\/wp-content\/uploads\/2023\/07\/cropped-cropped-favicon-01.png\",\"contentUrl\":\"https:\/\/accountit.com\/wp-content\/uploads\/2023\/07\/cropped-cropped-favicon-01.png\",\"width\":512,\"height\":512,\"caption\":\"Contable, CPA\"},\"image\":{\"@id\":\"https:\/\/accountit.com\/es\/#\/schema\/logo\/image\/\"},\"sameAs\":[\"https:\/\/www.facebook.com\/accountitcpa\",\"https:\/\/x.com\/acctitcpa\",\"https:\/\/www.linkedin.com\/company\/accountit\/\",\"https:\/\/www.instagram.com\/accountitcpa\/\"]}]}<\/script>\n<!-- \/ Yoast SEO Premium plugin. -->","yoast_head_json":{"title":"Paquete de servicios fiscales - Trusted CPA in Weston","description":"Paquete integral de servicios fiscales por CPA de Miami, Ft. Lauderdale y Palm Beach. Simplifica tus impuestos y optimiza tus beneficios financieros.","robots":{"index":"index","follow":"follow","max-snippet":"max-snippet:-1","max-image-preview":"max-image-preview:large","max-video-preview":"max-video-preview:-1"},"canonical":"https:\/\/accountit.com\/es\/servicios-contables-y-fiscales\/preparacion-de-impuestos-en-weston-fl\/paquete-de-servicios-fiscales\/","og_locale":"es_ES","og_type":"article","og_title":"Paquete de servicios fiscales","og_description":"Paquete integral de servicios fiscales por CPA de Miami, Ft. Lauderdale y Palm Beach. Simplifica tus impuestos y optimiza tus beneficios financieros.","og_url":"https:\/\/accountit.com\/es\/servicios-contables-y-fiscales\/preparacion-de-impuestos-en-weston-fl\/paquete-de-servicios-fiscales\/","og_site_name":"Trusted CPA in Weston","article_publisher":"https:\/\/www.facebook.com\/accountitcpa","article_modified_time":"2025-07-28T23:22:48+00:00","og_image":[{"width":512,"height":512,"url":"https:\/\/accountit.com\/wp-content\/uploads\/2023\/07\/cropped-cropped-favicon-01.png","type":"image\/png"}],"twitter_card":"summary_large_image","twitter_site":"@acctitcpa","twitter_misc":{"Tiempo de lectura":"8 minutos"},"schema":{"@context":"https:\/\/schema.org","@graph":[{"@type":"WebPage","@id":"https:\/\/accountit.com\/es\/servicios-contables-y-fiscales\/preparacion-de-impuestos-en-weston-fl\/paquete-de-servicios-fiscales\/","url":"https:\/\/accountit.com\/es\/servicios-contables-y-fiscales\/preparacion-de-impuestos-en-weston-fl\/paquete-de-servicios-fiscales\/","name":"Paquete de servicios fiscales - Trusted CPA in Weston","isPartOf":{"@id":"https:\/\/accountit.com\/es\/#website"},"datePublished":"2023-06-28T21:12:19+00:00","dateModified":"2025-07-28T23:22:48+00:00","description":"Paquete integral de servicios fiscales por CPA de Miami, Ft. Lauderdale y Palm Beach. Simplifica tus impuestos y optimiza tus beneficios financieros.","breadcrumb":{"@id":"https:\/\/accountit.com\/es\/servicios-contables-y-fiscales\/preparacion-de-impuestos-en-weston-fl\/paquete-de-servicios-fiscales\/#breadcrumb"},"inLanguage":"es","potentialAction":[{"@type":"ReadAction","target":["https:\/\/accountit.com\/es\/servicios-contables-y-fiscales\/preparacion-de-impuestos-en-weston-fl\/paquete-de-servicios-fiscales\/"]}]},{"@type":"BreadcrumbList","@id":"https:\/\/accountit.com\/es\/servicios-contables-y-fiscales\/preparacion-de-impuestos-en-weston-fl\/paquete-de-servicios-fiscales\/#breadcrumb","itemListElement":[{"@type":"ListItem","position":1,"name":"Inicio","item":"https:\/\/accountit.com\/es\/cpa-de-confianza-en-weston-fl\/"},{"@type":"ListItem","position":2,"name":"Servicios contables y fiscales","item":"https:\/\/accountit.com\/es\/servicios-contables-y-fiscales\/"},{"@type":"ListItem","position":3,"name":"Preparaci\u00f3n de Impuestos en Weston, FL","item":"https:\/\/accountit.com\/es\/servicios-contables-y-fiscales\/preparacion-de-impuestos-en-weston-fl\/"},{"@type":"ListItem","position":4,"name":"Paquete de servicios fiscales"}]},{"@type":"WebSite","@id":"https:\/\/accountit.com\/es\/#website","url":"https:\/\/accountit.com\/es\/","name":"Trusted CPA in Weston, FL","description":"Trusted Tax, Accounting &amp; Virtual CFO Services in Weston, FL","publisher":{"@id":"https:\/\/accountit.com\/es\/#organization"},"alternateName":"Accountit CPA","potentialAction":[{"@type":"SearchAction","target":{"@type":"EntryPoint","urlTemplate":"https:\/\/accountit.com\/es\/?s={search_term_string}"},"query-input":{"@type":"PropertyValueSpecification","valueRequired":true,"valueName":"search_term_string"}}],"inLanguage":"es"},{"@type":"Organization","@id":"https:\/\/accountit.com\/es\/#organization","name":"Contable, CPA","alternateName":"Contable, CPA","url":"https:\/\/accountit.com\/es\/","logo":{"@type":"ImageObject","inLanguage":"es","@id":"https:\/\/accountit.com\/es\/#\/schema\/logo\/image\/","url":"https:\/\/accountit.com\/wp-content\/uploads\/2023\/07\/cropped-cropped-favicon-01.png","contentUrl":"https:\/\/accountit.com\/wp-content\/uploads\/2023\/07\/cropped-cropped-favicon-01.png","width":512,"height":512,"caption":"Contable, CPA"},"image":{"@id":"https:\/\/accountit.com\/es\/#\/schema\/logo\/image\/"},"sameAs":["https:\/\/www.facebook.com\/accountitcpa","https:\/\/x.com\/acctitcpa","https:\/\/www.linkedin.com\/company\/accountit\/","https:\/\/www.instagram.com\/accountitcpa\/"]}]}},"_links":{"self":[{"href":"https:\/\/accountit.com\/es\/wp-json\/wp\/v2\/pages\/3693","targetHints":{"allow":["GET"]}}],"collection":[{"href":"https:\/\/accountit.com\/es\/wp-json\/wp\/v2\/pages"}],"about":[{"href":"https:\/\/accountit.com\/es\/wp-json\/wp\/v2\/types\/page"}],"author":[{"embeddable":true,"href":"https:\/\/accountit.com\/es\/wp-json\/wp\/v2\/users\/2"}],"replies":[{"embeddable":true,"href":"https:\/\/accountit.com\/es\/wp-json\/wp\/v2\/comments?post=3693"}],"version-history":[{"count":3,"href":"https:\/\/accountit.com\/es\/wp-json\/wp\/v2\/pages\/3693\/revisions"}],"predecessor-version":[{"id":3880,"href":"https:\/\/accountit.com\/es\/wp-json\/wp\/v2\/pages\/3693\/revisions\/3880"}],"up":[{"embeddable":true,"href":"https:\/\/accountit.com\/es\/wp-json\/wp\/v2\/pages\/3675"}],"wp:attachment":[{"href":"https:\/\/accountit.com\/es\/wp-json\/wp\/v2\/media?parent=3693"}],"curies":[{"name":"wp","href":"https:\/\/api.w.org\/{rel}","templated":true}]}}