{"id":3680,"date":"2023-06-28T17:03:40","date_gmt":"2023-06-28T21:03:40","guid":{"rendered":"https:\/\/accountit.com\/contabilidad-para-emprendedores-y-empresas-de-nueva-creacion\/"},"modified":"2025-07-28T19:22:41","modified_gmt":"2025-07-28T23:22:41","slug":"contabilidad-para-emprendedores-y-empresas-de-nueva-creacion","status":"publish","type":"page","link":"https:\/\/accountit.com\/es\/servicios-contables-y-fiscales\/servicios-contables\/contabilidad-para-emprendedores-y-empresas-de-nueva-creacion\/","title":{"rendered":"Contabilidad para emprendedores y empresas de nueva creaci\u00f3n"},"content":{"rendered":"<p><div class=\"fusion-fullwidth fullwidth-box fusion-builder-row-1 fusion-flex-container has-pattern-background has-mask-background nonhundred-percent-fullwidth non-hundred-percent-height-scrolling\" style=\"--awb-border-radius-top-left:0px;--awb-border-radius-top-right:0px;--awb-border-radius-bottom-right:0px;--awb-border-radius-bottom-left:0px;--awb-padding-right:0px;--awb-padding-left:0px;--awb-padding-top-small:0px;--awb-padding-right-small:25px;--awb-padding-left-small:25px;--awb-margin-bottom:-60px;--awb-background-color:var(--awb-color1);--awb-background-image:linear-gradient(360deg, #f9fafb 14%,var(--awb-color1) 14%);--awb-flex-wrap:wrap;\" ><div class=\"fusion-builder-row fusion-row fusion-flex-align-items-center fusion-flex-justify-content-center fusion-flex-content-wrap\" style=\"max-width:calc( 1200px + 75px );margin-left: calc(-75px \/ 2 );margin-right: calc(-75px \/ 2 );\"><div class=\"fusion-layout-column fusion_builder_column fusion-builder-column-0 fusion_builder_column_1_2 1_2 fusion-flex-column fusion-animated\" style=\"--awb-padding-right-small:25px;--awb-padding-left-small:25px;--awb-bg-size:cover;--awb-width-large:50%;--awb-margin-top-large:20px;--awb-spacing-right-large:37.5px;--awb-margin-bottom-large:0px;--awb-spacing-left-large:37.5px;--awb-width-medium:100%;--awb-order-medium:1;--awb-spacing-right-medium:37.5px;--awb-spacing-left-medium:37.5px;--awb-width-small:100%;--awb-order-small:2;--awb-spacing-right-small:37.5px;--awb-spacing-left-small:9px;\" data-animationType=\"fadeInLeft\" data-animationDuration=\"0.6\" data-animationOffset=\"top-into-view\"><div class=\"fusion-column-wrapper fusion-column-has-shadow fusion-flex-justify-content-flex-start fusion-content-layout-column\"><div class=\"fusion-title title fusion-title-1 fusion-sep-none fusion-title-text fusion-title-size-four\" style=\"--awb-text-color:var(--awb-color4);--awb-font-size:var(--awb-typography2-font-size);\"><h4 class=\"fusion-title-heading title-heading-left fusion-responsive-typography-calculated\" style=\"font-family:&quot;Manrope&quot;;font-style:normal;font-weight:700;margin:0;letter-spacing:var(--awb-typography2-letter-spacing);text-transform:var(--awb-typography2-text-transform);font-size:1em;--fontSize:24;--minFontSize:24;line-height:1.4;\">Servicios<\/h4><\/div><div class=\"fusion-title title fusion-title-2 fusion-sep-none fusion-title-text fusion-title-size-one\" style=\"--awb-text-color:var(--awb-custom_color_1);--awb-margin-top:0px;--awb-font-size:48px;\"><h1 class=\"fusion-title-heading title-heading-left fusion-responsive-typography-calculated\" style=\"font-family:&quot;Manrope&quot;;font-style:normal;font-weight:700;margin:0;letter-spacing:var(--awb-typography1-letter-spacing);text-transform:none;font-size:1em;--fontSize:48;line-height:var(--awb-typography1-line-height);\">Soluciones contables para emprendedores y startups.<\/h1><\/div><div class=\"fusion-title title fusion-title-3 fusion-sep-none fusion-title-text fusion-title-size-four\" style=\"--awb-text-color:var(--awb-custom_color_3);--awb-margin-top:0px;--awb-font-size:24px;\"><h4 class=\"fusion-title-heading title-heading-left fusion-responsive-typography-calculated\" style=\"font-family:&quot;Manrope&quot;;font-style:normal;font-weight:400;margin:0;letter-spacing:var(--awb-typography4-letter-spacing);text-transform:var(--awb-typography4-text-transform);font-size:1em;--fontSize:24;--minFontSize:24;line-height:var(--awb-typography4-line-height);\"><\/h4><\/div><\/div><\/div><div class=\"fusion-layout-column fusion_builder_column fusion-builder-column-1 fusion_builder_column_1_2 1_2 fusion-flex-column fusion-animated\" style=\"--awb-bg-position:center center;--awb-bg-size:cover;--awb-width-large:50%;--awb-margin-top-large:20px;--awb-spacing-right-large:37.5px;--awb-margin-bottom-large:0px;--awb-spacing-left-large:37.5px;--awb-width-medium:100%;--awb-order-medium:0;--awb-spacing-right-medium:37.5px;--awb-spacing-left-medium:37.5px;--awb-width-small:100%;--awb-order-small:2;--awb-spacing-right-small:37.5px;--awb-spacing-left-small:37.5px;\" data-animationType=\"fadeInRight\" data-animationDuration=\"0.6\" data-animationOffset=\"top-into-view\"><div class=\"fusion-column-wrapper fusion-column-has-shadow fusion-flex-justify-content-flex-end fusion-content-layout-row\"><div class=\"fusion-image-element \" style=\"--awb-caption-title-font-family:var(--h2_typography-font-family);--awb-caption-title-font-weight:var(--h2_typography-font-weight);--awb-caption-title-font-style:var(--h2_typography-font-style);--awb-caption-title-size:var(--h2_typography-font-size);--awb-caption-title-transform:var(--h2_typography-text-transform);--awb-caption-title-line-height:var(--h2_typography-line-height);--awb-caption-title-letter-spacing:var(--h2_typography-letter-spacing);\"><span class=\" fusion-imageframe imageframe-none imageframe-1 hover-type-none\" style=\"border-radius:12px;\"><img decoding=\"async\" width=\"948\" height=\"924\" alt=\"Soluciones contables para empresarios y empresas\" title=\"ac-testimonial-2\" src=\"data:image\/svg+xml,%3Csvg%20xmlns%3D%27http%3A%2F%2Fwww.w3.org%2F2000%2Fsvg%27%20width%3D%27948%27%20height%3D%27924%27%20viewBox%3D%270%200%20948%20924%27%3E%3Crect%20width%3D%27948%27%20height%3D%27924%27%20fill-opacity%3D%220%22%2F%3E%3C%2Fsvg%3E\" data-orig-src=\"https:\/\/accountit.com\/wp-content\/uploads\/2022\/03\/ac-testimonial-2.jpg\" class=\"lazyload img-responsive wp-image-3594\"\/><\/span><\/div><\/div><\/div><\/div><\/div><div class=\"fusion-fullwidth fullwidth-box fusion-builder-row-2 fusion-flex-container nonhundred-percent-fullwidth non-hundred-percent-height-scrolling\" style=\"--awb-border-radius-top-left:0px;--awb-border-radius-top-right:0px;--awb-border-radius-bottom-right:0px;--awb-border-radius-bottom-left:0px;--awb-padding-top:5px;--awb-padding-bottom:25px;--awb-padding-top-medium:80px;--awb-padding-top-small:60px;--awb-padding-bottom-small:20px;--awb-flex-wrap:wrap;\" ><div class=\"fusion-builder-row fusion-row fusion-flex-align-items-stretch fusion-flex-content-wrap\" style=\"max-width:1248px;margin-left: calc(-4% \/ 2 );margin-right: calc(-4% \/ 2 );\"><div class=\"fusion-layout-column fusion_builder_column fusion-builder-column-2 fusion_builder_column_1_1 1_1 fusion-flex-column\" style=\"--awb-bg-size:cover;--awb-width-large:100%;--awb-margin-top-large:3%;--awb-spacing-right-large:1.92%;--awb-margin-bottom-large:20px;--awb-spacing-left-large:1.92%;--awb-width-medium:100%;--awb-order-medium:0;--awb-spacing-right-medium:1.92%;--awb-spacing-left-medium:1.92%;--awb-width-small:100%;--awb-order-small:0;--awb-spacing-right-small:1.92%;--awb-spacing-left-small:1.92%;\"><div class=\"fusion-column-wrapper fusion-column-has-shadow fusion-flex-justify-content-flex-start fusion-content-layout-column\"><div class=\"fusion-text fusion-text-1 fusion-text-no-margin\" style=\"--awb-font-size:18px;--awb-line-height:1.72;--awb-letter-spacing:var(--awb-typography4-letter-spacing);--awb-text-transform:var(--awb-typography4-text-transform);--awb-text-color:var(--awb-custom_color_1);--awb-margin-bottom:30px;--awb-text-font-family:&quot;Manrope&quot;;--awb-text-font-style:normal;--awb-text-font-weight:400;\"><p>Soluciones contables para empresarios y empresas - Estamos especializados en agilizar tus procesos contables, incluida la tenedur\u00eda de libros, la gesti\u00f3n del flujo de caja, la planificaci\u00f3n fiscal y la gesti\u00f3n de n\u00f3minas. Nuestro objetivo es contribuir al \u00e9xito de tu negocio proporcion\u00e1ndote soluciones eficientes y eficaces en estas \u00e1reas. Con nuestra experiencia, puedes centrarte en hacer crecer tu negocio mientras nosotros nos ocupamos de los aspectos financieros esenciales.<\/p>\n<\/div><div class=\"fusion-title title fusion-title-4 fusion-sep-none fusion-title-text fusion-title-size-four\" style=\"--awb-text-color:var(--awb-custom_color_1);--awb-margin-bottom:40px;--awb-font-size:18px;\"><h4 class=\"fusion-title-heading title-heading-left fusion-responsive-typography-calculated\" style=\"font-family:&quot;Manrope&quot;;font-style:normal;font-weight:400;margin:0;letter-spacing:var(--awb-typography2-letter-spacing);text-transform:none;font-size:1em;--fontSize:18;--minFontSize:18;line-height:var(--awb-typography2-line-height);\"><h2><strong>Externaliza tus soluciones contables con Accountit<\/strong><\/h2><\/h4><\/div><div class=\"fusion-text fusion-text-2 fusion-text-no-margin\" style=\"--awb-font-size:18px;--awb-line-height:1.72;--awb-letter-spacing:var(--awb-typography4-letter-spacing);--awb-text-transform:var(--awb-typography4-text-transform);--awb-text-color:var(--awb-custom_color_1);--awb-margin-bottom:30px;--awb-text-font-family:&quot;Manrope&quot;;--awb-text-font-style:normal;--awb-text-font-weight:400;\"><p>En nuestra <a href=\"https:\/\/accountit.com\/es\/\" target=\"_blank\" rel=\"noopener\">empresa<\/a>, utilizamos un moderno software de contabilidad basado en la nube para facilitarte el acceso a tus datos financieros en cualquier momento y desde cualquier lugar. Esto te permite centrarte en las actividades principales de tu negocio, mientras nosotros nos ocupamos del resto. Como especialistas en contabilidad de peque\u00f1as empresas, comprendemos tus necesidades y retos particulares.<\/p>\n<\/div><div class=\"fusion-text fusion-text-3 fusion-text-no-margin\" style=\"--awb-font-size:18px;--awb-line-height:1.72;--awb-letter-spacing:var(--awb-typography4-letter-spacing);--awb-text-transform:var(--awb-typography4-text-transform);--awb-text-color:var(--awb-custom_color_1);--awb-margin-bottom:30px;--awb-text-font-family:&quot;Manrope&quot;;--awb-text-font-style:normal;--awb-text-font-weight:400;\"><p>Analizando tu negocio y tus objetivos, te ofrecemos un asesoramiento s\u00f3lido y estrat\u00e9gico que puede ahorrarte tiempo y dinero. Nuestra experiencia nos permite identificar \u00e1reas de mejora, optimizar tus procesos financieros y ofrecerte valiosas perspectivas que te ayuden a tomar decisiones con conocimiento de causa. Con nuestro apoyo, podr\u00e1s navegar por el panorama financiero con confianza e <a href=\"https:\/\/pasquesipartners.com\/accounting-services\/\" target=\"_blank\" rel=\"noopener\">impulsar<\/a> tu negocio hacia el \u00e9xito.<\/p>\n<\/div><\/div><\/div><\/div><\/div><\/p>\n","protected":false},"excerpt":{"rendered":"","protected":false},"author":2,"featured_media":0,"parent":3685,"menu_order":0,"comment_status":"closed","ping_status":"closed","template":"100-width.php","meta":{"_monsterinsights_skip_tracking":false,"_monsterinsights_sitenote_active":false,"_monsterinsights_sitenote_note":"","_monsterinsights_sitenote_category":0,"_uf_show_specific_survey":0,"_uf_disable_surveys":false,"footnotes":""},"class_list":["post-3680","page","type-page","status-publish","hentry"],"yoast_head":"<!-- This site is optimized with the Yoast SEO Premium plugin v24.3 (Yoast SEO v26.8) - https:\/\/yoast.com\/product\/yoast-seo-premium-wordpress\/ -->\n<title>Trusted CPA in Weston<\/title>\n<meta name=\"description\" content=\"Desbloquea el crecimiento r\u00e1pido con la contabilidad, tenedur\u00eda de libros y planificaci\u00f3n fiscal de Accountit CPA. Consulta gratuita: \u00a1llama hoy al (305) 605-1040!\" \/>\n<meta name=\"robots\" content=\"index, follow, max-snippet:-1, max-image-preview:large, max-video-preview:-1\" \/>\n<link rel=\"canonical\" href=\"https:\/\/accountit.com\/es\/servicios-contables-y-fiscales\/servicios-contables\/contabilidad-para-emprendedores-y-empresas-de-nueva-creacion\/\" \/>\n<meta property=\"og:locale\" content=\"es_ES\" \/>\n<meta property=\"og:type\" content=\"article\" \/>\n<meta property=\"og:title\" content=\"Contabilidad para emprendedores y empresas de nueva creaci\u00f3n\" \/>\n<meta property=\"og:description\" content=\"Desbloquea el crecimiento r\u00e1pido con la contabilidad, tenedur\u00eda de libros y planificaci\u00f3n fiscal de Accountit CPA. Consulta gratuita: \u00a1llama hoy al (305) 605-1040!\" \/>\n<meta property=\"og:url\" content=\"https:\/\/accountit.com\/es\/servicios-contables-y-fiscales\/servicios-contables\/contabilidad-para-emprendedores-y-empresas-de-nueva-creacion\/\" \/>\n<meta property=\"og:site_name\" content=\"Trusted CPA in Weston\" \/>\n<meta property=\"article:publisher\" content=\"https:\/\/www.facebook.com\/accountitcpa\" \/>\n<meta property=\"article:modified_time\" content=\"2025-07-28T23:22:41+00:00\" \/>\n<meta property=\"og:image\" content=\"https:\/\/accountit.com\/wp-content\/uploads\/2023\/07\/cropped-cropped-favicon-01.png\" \/>\n\t<meta property=\"og:image:width\" content=\"512\" \/>\n\t<meta property=\"og:image:height\" content=\"512\" \/>\n\t<meta property=\"og:image:type\" content=\"image\/png\" \/>\n<meta name=\"twitter:card\" content=\"summary_large_image\" \/>\n<meta name=\"twitter:site\" content=\"@acctitcpa\" \/>\n<meta name=\"twitter:label1\" content=\"Tiempo de lectura\" \/>\n\t<meta name=\"twitter:data1\" content=\"13 minutos\" \/>\n<script type=\"application\/ld+json\" class=\"yoast-schema-graph\">{\"@context\":\"https:\/\/schema.org\",\"@graph\":[{\"@type\":\"WebPage\",\"@id\":\"https:\/\/accountit.com\/es\/servicios-contables-y-fiscales\/servicios-contables\/contabilidad-para-emprendedores-y-empresas-de-nueva-creacion\/\",\"url\":\"https:\/\/accountit.com\/es\/servicios-contables-y-fiscales\/servicios-contables\/contabilidad-para-emprendedores-y-empresas-de-nueva-creacion\/\",\"name\":\"\",\"isPartOf\":{\"@id\":\"https:\/\/accountit.com\/es\/#website\"},\"datePublished\":\"2023-06-28T21:03:40+00:00\",\"dateModified\":\"2025-07-28T23:22:41+00:00\",\"description\":\"Desbloquea el crecimiento r\u00e1pido con la contabilidad, tenedur\u00eda de libros y planificaci\u00f3n fiscal de Accountit CPA. Consulta gratuita: \u00a1llama hoy al (305) 605-1040!\",\"breadcrumb\":{\"@id\":\"https:\/\/accountit.com\/es\/servicios-contables-y-fiscales\/servicios-contables\/contabilidad-para-emprendedores-y-empresas-de-nueva-creacion\/#breadcrumb\"},\"inLanguage\":\"es\",\"potentialAction\":[{\"@type\":\"ReadAction\",\"target\":[\"https:\/\/accountit.com\/es\/servicios-contables-y-fiscales\/servicios-contables\/contabilidad-para-emprendedores-y-empresas-de-nueva-creacion\/\"]}]},{\"@type\":\"BreadcrumbList\",\"@id\":\"https:\/\/accountit.com\/es\/servicios-contables-y-fiscales\/servicios-contables\/contabilidad-para-emprendedores-y-empresas-de-nueva-creacion\/#breadcrumb\",\"itemListElement\":[{\"@type\":\"ListItem\",\"position\":1,\"name\":\"Inicio\",\"item\":\"https:\/\/accountit.com\/es\/cpa-de-confianza-en-weston-fl\/\"},{\"@type\":\"ListItem\",\"position\":2,\"name\":\"Servicios contables y fiscales\",\"item\":\"https:\/\/accountit.com\/es\/servicios-contables-y-fiscales\/\"},{\"@type\":\"ListItem\",\"position\":3,\"name\":\"Servicios contables\",\"item\":\"https:\/\/accountit.com\/es\/servicios-contables-y-fiscales\/servicios-contables\/\"},{\"@type\":\"ListItem\",\"position\":4,\"name\":\"Contabilidad para emprendedores y empresas de nueva creaci\u00f3n\"}]},{\"@type\":\"WebSite\",\"@id\":\"https:\/\/accountit.com\/es\/#website\",\"url\":\"https:\/\/accountit.com\/es\/\",\"name\":\"Trusted CPA in Weston, FL\",\"description\":\"Trusted Tax, Accounting &amp; Virtual CFO Services in Weston, FL\",\"publisher\":{\"@id\":\"https:\/\/accountit.com\/es\/#organization\"},\"alternateName\":\"Accountit CPA\",\"potentialAction\":[{\"@type\":\"SearchAction\",\"target\":{\"@type\":\"EntryPoint\",\"urlTemplate\":\"https:\/\/accountit.com\/es\/?s={search_term_string}\"},\"query-input\":{\"@type\":\"PropertyValueSpecification\",\"valueRequired\":true,\"valueName\":\"search_term_string\"}}],\"inLanguage\":\"es\"},{\"@type\":\"Organization\",\"@id\":\"https:\/\/accountit.com\/es\/#organization\",\"name\":\"Contable, CPA\",\"alternateName\":\"Contable, CPA\",\"url\":\"https:\/\/accountit.com\/es\/\",\"logo\":{\"@type\":\"ImageObject\",\"inLanguage\":\"es\",\"@id\":\"https:\/\/accountit.com\/es\/#\/schema\/logo\/image\/\",\"url\":\"https:\/\/accountit.com\/wp-content\/uploads\/2023\/07\/cropped-cropped-favicon-01.png\",\"contentUrl\":\"https:\/\/accountit.com\/wp-content\/uploads\/2023\/07\/cropped-cropped-favicon-01.png\",\"width\":512,\"height\":512,\"caption\":\"Contable, CPA\"},\"image\":{\"@id\":\"https:\/\/accountit.com\/es\/#\/schema\/logo\/image\/\"},\"sameAs\":[\"https:\/\/www.facebook.com\/accountitcpa\",\"https:\/\/x.com\/acctitcpa\",\"https:\/\/www.linkedin.com\/company\/accountit\/\",\"https:\/\/www.instagram.com\/accountitcpa\/\"]}]}<\/script>\n<!-- \/ Yoast SEO Premium plugin. -->","yoast_head_json":{"title":"Trusted CPA in Weston","description":"Desbloquea el crecimiento r\u00e1pido con la contabilidad, tenedur\u00eda de libros y planificaci\u00f3n fiscal de Accountit CPA. Consulta gratuita: \u00a1llama hoy al (305) 605-1040!","robots":{"index":"index","follow":"follow","max-snippet":"max-snippet:-1","max-image-preview":"max-image-preview:large","max-video-preview":"max-video-preview:-1"},"canonical":"https:\/\/accountit.com\/es\/servicios-contables-y-fiscales\/servicios-contables\/contabilidad-para-emprendedores-y-empresas-de-nueva-creacion\/","og_locale":"es_ES","og_type":"article","og_title":"Contabilidad para emprendedores y empresas de nueva creaci\u00f3n","og_description":"Desbloquea el crecimiento r\u00e1pido con la contabilidad, tenedur\u00eda de libros y planificaci\u00f3n fiscal de Accountit CPA. Consulta gratuita: \u00a1llama hoy al (305) 605-1040!","og_url":"https:\/\/accountit.com\/es\/servicios-contables-y-fiscales\/servicios-contables\/contabilidad-para-emprendedores-y-empresas-de-nueva-creacion\/","og_site_name":"Trusted CPA in Weston","article_publisher":"https:\/\/www.facebook.com\/accountitcpa","article_modified_time":"2025-07-28T23:22:41+00:00","og_image":[{"width":512,"height":512,"url":"https:\/\/accountit.com\/wp-content\/uploads\/2023\/07\/cropped-cropped-favicon-01.png","type":"image\/png"}],"twitter_card":"summary_large_image","twitter_site":"@acctitcpa","twitter_misc":{"Tiempo de lectura":"13 minutos"},"schema":{"@context":"https:\/\/schema.org","@graph":[{"@type":"WebPage","@id":"https:\/\/accountit.com\/es\/servicios-contables-y-fiscales\/servicios-contables\/contabilidad-para-emprendedores-y-empresas-de-nueva-creacion\/","url":"https:\/\/accountit.com\/es\/servicios-contables-y-fiscales\/servicios-contables\/contabilidad-para-emprendedores-y-empresas-de-nueva-creacion\/","name":"","isPartOf":{"@id":"https:\/\/accountit.com\/es\/#website"},"datePublished":"2023-06-28T21:03:40+00:00","dateModified":"2025-07-28T23:22:41+00:00","description":"Desbloquea el crecimiento r\u00e1pido con la contabilidad, tenedur\u00eda de libros y planificaci\u00f3n fiscal de Accountit CPA. Consulta gratuita: \u00a1llama hoy al (305) 605-1040!","breadcrumb":{"@id":"https:\/\/accountit.com\/es\/servicios-contables-y-fiscales\/servicios-contables\/contabilidad-para-emprendedores-y-empresas-de-nueva-creacion\/#breadcrumb"},"inLanguage":"es","potentialAction":[{"@type":"ReadAction","target":["https:\/\/accountit.com\/es\/servicios-contables-y-fiscales\/servicios-contables\/contabilidad-para-emprendedores-y-empresas-de-nueva-creacion\/"]}]},{"@type":"BreadcrumbList","@id":"https:\/\/accountit.com\/es\/servicios-contables-y-fiscales\/servicios-contables\/contabilidad-para-emprendedores-y-empresas-de-nueva-creacion\/#breadcrumb","itemListElement":[{"@type":"ListItem","position":1,"name":"Inicio","item":"https:\/\/accountit.com\/es\/cpa-de-confianza-en-weston-fl\/"},{"@type":"ListItem","position":2,"name":"Servicios contables y fiscales","item":"https:\/\/accountit.com\/es\/servicios-contables-y-fiscales\/"},{"@type":"ListItem","position":3,"name":"Servicios contables","item":"https:\/\/accountit.com\/es\/servicios-contables-y-fiscales\/servicios-contables\/"},{"@type":"ListItem","position":4,"name":"Contabilidad para emprendedores y empresas de nueva creaci\u00f3n"}]},{"@type":"WebSite","@id":"https:\/\/accountit.com\/es\/#website","url":"https:\/\/accountit.com\/es\/","name":"Trusted CPA in Weston, FL","description":"Trusted Tax, Accounting &amp; Virtual CFO Services in Weston, FL","publisher":{"@id":"https:\/\/accountit.com\/es\/#organization"},"alternateName":"Accountit CPA","potentialAction":[{"@type":"SearchAction","target":{"@type":"EntryPoint","urlTemplate":"https:\/\/accountit.com\/es\/?s={search_term_string}"},"query-input":{"@type":"PropertyValueSpecification","valueRequired":true,"valueName":"search_term_string"}}],"inLanguage":"es"},{"@type":"Organization","@id":"https:\/\/accountit.com\/es\/#organization","name":"Contable, CPA","alternateName":"Contable, CPA","url":"https:\/\/accountit.com\/es\/","logo":{"@type":"ImageObject","inLanguage":"es","@id":"https:\/\/accountit.com\/es\/#\/schema\/logo\/image\/","url":"https:\/\/accountit.com\/wp-content\/uploads\/2023\/07\/cropped-cropped-favicon-01.png","contentUrl":"https:\/\/accountit.com\/wp-content\/uploads\/2023\/07\/cropped-cropped-favicon-01.png","width":512,"height":512,"caption":"Contable, CPA"},"image":{"@id":"https:\/\/accountit.com\/es\/#\/schema\/logo\/image\/"},"sameAs":["https:\/\/www.facebook.com\/accountitcpa","https:\/\/x.com\/acctitcpa","https:\/\/www.linkedin.com\/company\/accountit\/","https:\/\/www.instagram.com\/accountitcpa\/"]}]}},"_links":{"self":[{"href":"https:\/\/accountit.com\/es\/wp-json\/wp\/v2\/pages\/3680","targetHints":{"allow":["GET"]}}],"collection":[{"href":"https:\/\/accountit.com\/es\/wp-json\/wp\/v2\/pages"}],"about":[{"href":"https:\/\/accountit.com\/es\/wp-json\/wp\/v2\/types\/page"}],"author":[{"embeddable":true,"href":"https:\/\/accountit.com\/es\/wp-json\/wp\/v2\/users\/2"}],"replies":[{"embeddable":true,"href":"https:\/\/accountit.com\/es\/wp-json\/wp\/v2\/comments?post=3680"}],"version-history":[{"count":3,"href":"https:\/\/accountit.com\/es\/wp-json\/wp\/v2\/pages\/3680\/revisions"}],"predecessor-version":[{"id":3833,"href":"https:\/\/accountit.com\/es\/wp-json\/wp\/v2\/pages\/3680\/revisions\/3833"}],"up":[{"embeddable":true,"href":"https:\/\/accountit.com\/es\/wp-json\/wp\/v2\/pages\/3685"}],"wp:attachment":[{"href":"https:\/\/accountit.com\/es\/wp-json\/wp\/v2\/media?parent=3680"}],"curies":[{"name":"wp","href":"https:\/\/api.w.org\/{rel}","templated":true}]}}